{"id":2046,"date":"2025-02-21T21:30:31","date_gmt":"2025-02-21T20:30:31","guid":{"rendered":"https:\/\/www.3dprintrg.sk\/?post_type=product&#038;p=2046"},"modified":"2025-05-23T09:12:14","modified_gmt":"2025-05-23T07:12:14","slug":"jasterica","status":"publish","type":"product","link":"https:\/\/www.3dprintrg.sk\/cz\/produkt\/jasterica\/","title":{"rendered":"Ja\u0161terica"},"content":{"rendered":"<p>Flexi pohybliv\u00e1 hra\u010dka ja\u0161tericka je dlh\u00e1 18 cm , ma pohyblive cel\u00e9 telo.<br \/>\nPri objedn\u00e1vke do pozn\u00e1mky uvedte farbu, obratom v\u00e1s budeme kontaktovat s v\u00fdberom fabry na va\u0161e \u017eelanie.<br \/>\nDekor\u00e1cia je vyroben\u00e1 z PLA plastu,plast je vyroben\u00fd z obnovite\u013en\u00fdch zdrojov, ako je kukuri\u010dn\u00fd \u0161krob, cukrov\u00e1 trstina alebo zemiakov\u00fd \u0161krob,PLA plast je netoxick\u00fd a bezpe\u010dn\u00fd na styk s potravinami.<\/p>","protected":false},"excerpt":{"rendered":"<p>Flexi pohybliv\u00e1 hra\u010dka ja\u0161tericka je dlh\u00e1 18 cm , ma pohyblive cel\u00e9 telo.<br \/>\nPri objedn\u00e1vke do pozn\u00e1mky uvedte farbu, obratom v\u00e1s budeme kontaktovat s v\u00fdberom fabry na va\u0161e \u017eelanie. <\/p>","protected":false},"featured_media":2048,"comment_status":"open","ping_status":"closed","template":"","meta":{"_et_pb_use_builder":"","_et_pb_old_content":"","_et_gb_content_width":"","iawp_total_views":92},"product_brand":[],"product_cat":[31],"product_tag":[243],"class_list":{"0":"post-2046","1":"product","2":"type-product","3":"status-publish","4":"has-post-thumbnail","6":"product_cat-dekoracie","7":"product_tag-jasterica","8":"wcpa_has_options","10":"first","11":"instock","12":"purchasable","13":"product-type-simple"},"jetpack_sharing_enabled":true,"_links":{"self":[{"href":"https:\/\/www.3dprintrg.sk\/cz\/wp-json\/wp\/v2\/product\/2046","targetHints":{"allow":["GET"]}}],"collection":[{"href":"https:\/\/www.3dprintrg.sk\/cz\/wp-json\/wp\/v2\/product"}],"about":[{"href":"https:\/\/www.3dprintrg.sk\/cz\/wp-json\/wp\/v2\/types\/product"}],"replies":[{"embeddable":true,"href":"https:\/\/www.3dprintrg.sk\/cz\/wp-json\/wp\/v2\/comments?post=2046"}],"wp:featuredmedia":[{"embeddable":true,"href":"https:\/\/www.3dprintrg.sk\/cz\/wp-json\/wp\/v2\/media\/2048"}],"wp:attachment":[{"href":"https:\/\/www.3dprintrg.sk\/cz\/wp-json\/wp\/v2\/media?parent=2046"}],"wp:term":[{"taxonomy":"product_brand","embeddable":true,"href":"https:\/\/www.3dprintrg.sk\/cz\/wp-json\/wp\/v2\/product_brand?post=2046"},{"taxonomy":"product_cat","embeddable":true,"href":"https:\/\/www.3dprintrg.sk\/cz\/wp-json\/wp\/v2\/product_cat?post=2046"},{"taxonomy":"product_tag","embeddable":true,"href":"https:\/\/www.3dprintrg.sk\/cz\/wp-json\/wp\/v2\/product_tag?post=2046"}],"curies":[{"name":"wp","href":"https:\/\/api.w.org\/{rel}","templated":true}]}}