{"id":2055,"date":"2025-02-23T11:17:51","date_gmt":"2025-02-23T10:17:51","guid":{"rendered":"https:\/\/www.3dprintrg.sk\/?post_type=product&#038;p=2055"},"modified":"2025-02-23T11:17:51","modified_gmt":"2025-02-23T10:17:51","slug":"zapich-mini-meno-do-kolacikov","status":"publish","type":"product","link":"https:\/\/www.3dprintrg.sk\/cz\/produkt\/zapich-mini-meno-do-kolacikov\/","title":{"rendered":"Z\u00e1pich mini meno do kol\u00e1\u010dikov"},"content":{"rendered":"<p>Mini z\u00e1pich meno do kol\u00e1\u010dikov, maf\u00edn..<br \/>\nD\u013a\u017eka mena je 6-7 cm<br \/>\nPri objedn\u00e1vke do pozn\u00e1amky uvedte farbu<br \/>\nCena je za 1 ks z\u00e1pichu<br \/>\nDekor\u00e1cia je vyroben\u00e1 z PLA plastu,plast je vyroben\u00fd z obnovite\u013en\u00fdch zdrojov, ako je kukuri\u010dn\u00fd \u0161krob, cukrov\u00e1 trstina alebo zemiakov\u00fd \u0161krob,PLA plast je netoxick\u00fd a bezpe\u010dn\u00fd na styk s potravinami.<\/p>","protected":false},"excerpt":{"rendered":"<p>Mini z\u00e1pich meno do kol\u00e1\u010dikov, maf\u00edn..<br \/>\nD\u013a\u017eka mena je 6-7 cm<br \/>\nPri objedn\u00e1vke do pozn\u00e1amky uvedte farbu<br \/>\nCena je za 1 ks z\u00e1pichu<\/p>","protected":false},"featured_media":2056,"comment_status":"open","ping_status":"closed","template":"","meta":{"_et_pb_use_builder":"on","_et_pb_old_content":"Mini z\u00e1pich meno do kol\u00e1\u010dikov, maf\u00edn..\r\nD\u013a\u017eka mena je 6-7 cm \r\nPri objedn\u00e1vke do pozn\u00e1amky uvedte farbu \r\nCena je za 1 ks z\u00e1pichu\r\nDekor\u00e1cia je vyroben\u00e1 z PLA plastu,plast je vyroben\u00fd z obnovite\u013en\u00fdch zdrojov, ako je kukuri\u010dn\u00fd \u0161krob, cukrov\u00e1 trstina alebo zemiakov\u00fd \u0161krob,PLA plast je netoxick\u00fd a bezpe\u010dn\u00fd na styk s potravinami.","_et_gb_content_width":"","iawp_total_views":100},"product_brand":[],"product_cat":[28],"product_tag":[65],"class_list":{"0":"post-2055","1":"product","2":"type-product","3":"status-publish","4":"has-post-thumbnail","6":"product_cat-mena","7":"product_tag-zapich-meno","8":"wcpa_has_options","10":"first","11":"instock","12":"purchasable","13":"product-type-simple"},"jetpack_sharing_enabled":true,"_links":{"self":[{"href":"https:\/\/www.3dprintrg.sk\/cz\/wp-json\/wp\/v2\/product\/2055","targetHints":{"allow":["GET"]}}],"collection":[{"href":"https:\/\/www.3dprintrg.sk\/cz\/wp-json\/wp\/v2\/product"}],"about":[{"href":"https:\/\/www.3dprintrg.sk\/cz\/wp-json\/wp\/v2\/types\/product"}],"replies":[{"embeddable":true,"href":"https:\/\/www.3dprintrg.sk\/cz\/wp-json\/wp\/v2\/comments?post=2055"}],"wp:featuredmedia":[{"embeddable":true,"href":"https:\/\/www.3dprintrg.sk\/cz\/wp-json\/wp\/v2\/media\/2056"}],"wp:attachment":[{"href":"https:\/\/www.3dprintrg.sk\/cz\/wp-json\/wp\/v2\/media?parent=2055"}],"wp:term":[{"taxonomy":"product_brand","embeddable":true,"href":"https:\/\/www.3dprintrg.sk\/cz\/wp-json\/wp\/v2\/product_brand?post=2055"},{"taxonomy":"product_cat","embeddable":true,"href":"https:\/\/www.3dprintrg.sk\/cz\/wp-json\/wp\/v2\/product_cat?post=2055"},{"taxonomy":"product_tag","embeddable":true,"href":"https:\/\/www.3dprintrg.sk\/cz\/wp-json\/wp\/v2\/product_tag?post=2055"}],"curies":[{"name":"wp","href":"https:\/\/api.w.org\/{rel}","templated":true}]}}