{"id":2094,"date":"2025-02-26T09:07:18","date_gmt":"2025-02-26T08:07:18","guid":{"rendered":"https:\/\/www.3dprintrg.sk\/?post_type=product&#038;p=2094"},"modified":"2025-02-27T12:33:33","modified_gmt":"2025-02-27T11:33:33","slug":"sporiaca-pokladnicka","status":"publish","type":"product","link":"https:\/\/www.3dprintrg.sk\/cz\/produkt\/sporiaca-pokladnicka\/","title":{"rendered":"Sporiaca pokladni\u010dka"},"content":{"rendered":"<p>Sporenie pre mal\u00fdch ale aj dospel\u00fdch<br \/>\nRozmer 20*15*7 cm<br \/>\nPri objedn\u00e1vke do pozn\u00e1mky uvedte farbu,obratom v\u00e1s budeme infomrova\u0165 s v\u00fdberom odtienov farieb.<br \/>\nDekor\u00e1cia je vyroben\u00e1 z PLA plastu,plast je vyroben\u00fd z obnovite\u013en\u00fdch zdrojov, ako je kukuri\u010dn\u00fd \u0161krob, cukrov\u00e1 trstina alebo zemiakov\u00fd \u0161krob,PLA plast je netoxick\u00fd a bezpe\u010dn\u00fd na styk s potravinami.<\/p>","protected":false},"excerpt":{"rendered":"<p>Sporenie pre mal\u00fdch ale aj dospel\u00fdch.<br \/>\nDo pozn\u00e1mky si nap\u00ed\u0161te aku chcete farbu.<\/p>","protected":false},"featured_media":2098,"comment_status":"open","ping_status":"closed","template":"","meta":{"_et_pb_use_builder":"","_et_pb_old_content":"","_et_gb_content_width":"","iawp_total_views":82},"product_brand":[],"product_cat":[31],"product_tag":[255],"class_list":{"0":"post-2094","1":"product","2":"type-product","3":"status-publish","4":"has-post-thumbnail","6":"product_cat-dekoracie","7":"product_tag-pokladnicka","8":"wcpa_has_options","10":"first","11":"instock","12":"sale","13":"purchasable","14":"product-type-variable"},"jetpack_sharing_enabled":true,"_links":{"self":[{"href":"https:\/\/www.3dprintrg.sk\/cz\/wp-json\/wp\/v2\/product\/2094","targetHints":{"allow":["GET"]}}],"collection":[{"href":"https:\/\/www.3dprintrg.sk\/cz\/wp-json\/wp\/v2\/product"}],"about":[{"href":"https:\/\/www.3dprintrg.sk\/cz\/wp-json\/wp\/v2\/types\/product"}],"replies":[{"embeddable":true,"href":"https:\/\/www.3dprintrg.sk\/cz\/wp-json\/wp\/v2\/comments?post=2094"}],"wp:featuredmedia":[{"embeddable":true,"href":"https:\/\/www.3dprintrg.sk\/cz\/wp-json\/wp\/v2\/media\/2098"}],"wp:attachment":[{"href":"https:\/\/www.3dprintrg.sk\/cz\/wp-json\/wp\/v2\/media?parent=2094"}],"wp:term":[{"taxonomy":"product_brand","embeddable":true,"href":"https:\/\/www.3dprintrg.sk\/cz\/wp-json\/wp\/v2\/product_brand?post=2094"},{"taxonomy":"product_cat","embeddable":true,"href":"https:\/\/www.3dprintrg.sk\/cz\/wp-json\/wp\/v2\/product_cat?post=2094"},{"taxonomy":"product_tag","embeddable":true,"href":"https:\/\/www.3dprintrg.sk\/cz\/wp-json\/wp\/v2\/product_tag?post=2094"}],"curies":[{"name":"wp","href":"https:\/\/api.w.org\/{rel}","templated":true}]}}