{"id":2103,"date":"2025-02-26T09:21:07","date_gmt":"2025-02-26T08:21:07","guid":{"rendered":"https:\/\/www.3dprintrg.sk\/?post_type=product&#038;p=2103"},"modified":"2026-01-09T10:28:55","modified_gmt":"2026-01-09T09:28:55","slug":"ruza-pre-pani-ucitelku","status":"publish","type":"product","link":"https:\/\/www.3dprintrg.sk\/cz\/produkt\/ruza-pre-pani-ucitelku\/","title":{"rendered":"Ru\u017ea pre pani u\u010dite\u013eku"},"content":{"rendered":"<p>Ru\u017ei\u010dka ktor\u00e1 nikdy nezv\u00e4dne.<br \/>\nPote\u0161 svoju pani u\u010dite\u013eku, svoju maminku, sestru \u010di babku..<br \/>\nPri objedn\u00e1vke do pozn\u00e1mky uvedte farbu, obratom v\u00e1s budeme informovat s vyberom odtie\u0148a farby. <\/p>","protected":false},"excerpt":{"rendered":"<p>Ru\u017ei\u010dka ktor\u00e1 nikdy nezv\u00e4dne.<br \/>\nPote\u0161 svoju pani u\u010dite\u013eku, svoju maminku, sestru \u010di babku..<br \/>\nDo pozn\u00e1mky uvedte farbu.<\/p>","protected":false},"featured_media":2104,"comment_status":"open","ping_status":"closed","template":"","meta":{"_et_pb_use_builder":"","_et_pb_old_content":"","_et_gb_content_width":"","iawp_total_views":44},"product_brand":[],"product_cat":[31,294],"product_tag":[171,248],"class_list":{"0":"post-2103","1":"product","2":"type-product","3":"status-publish","4":"has-post-thumbnail","6":"product_cat-dekoracie","7":"product_cat-darceky-pre-pani-ucitelky","8":"product_tag-kvet-pre-ucitelku","9":"product_tag-ruza-pre-ucitelku","10":"wcpa_has_options","12":"first","13":"instock","14":"purchasable","15":"product-type-simple"},"jetpack_sharing_enabled":true,"_links":{"self":[{"href":"https:\/\/www.3dprintrg.sk\/cz\/wp-json\/wp\/v2\/product\/2103","targetHints":{"allow":["GET"]}}],"collection":[{"href":"https:\/\/www.3dprintrg.sk\/cz\/wp-json\/wp\/v2\/product"}],"about":[{"href":"https:\/\/www.3dprintrg.sk\/cz\/wp-json\/wp\/v2\/types\/product"}],"replies":[{"embeddable":true,"href":"https:\/\/www.3dprintrg.sk\/cz\/wp-json\/wp\/v2\/comments?post=2103"}],"wp:featuredmedia":[{"embeddable":true,"href":"https:\/\/www.3dprintrg.sk\/cz\/wp-json\/wp\/v2\/media\/2104"}],"wp:attachment":[{"href":"https:\/\/www.3dprintrg.sk\/cz\/wp-json\/wp\/v2\/media?parent=2103"}],"wp:term":[{"taxonomy":"product_brand","embeddable":true,"href":"https:\/\/www.3dprintrg.sk\/cz\/wp-json\/wp\/v2\/product_brand?post=2103"},{"taxonomy":"product_cat","embeddable":true,"href":"https:\/\/www.3dprintrg.sk\/cz\/wp-json\/wp\/v2\/product_cat?post=2103"},{"taxonomy":"product_tag","embeddable":true,"href":"https:\/\/www.3dprintrg.sk\/cz\/wp-json\/wp\/v2\/product_tag?post=2103"}],"curies":[{"name":"wp","href":"https:\/\/api.w.org\/{rel}","templated":true}]}}