{"id":2106,"date":"2025-02-26T10:03:08","date_gmt":"2025-02-26T09:03:08","guid":{"rendered":"https:\/\/www.3dprintrg.sk\/?post_type=product&#038;p=2106"},"modified":"2025-02-26T10:03:08","modified_gmt":"2025-02-26T09:03:08","slug":"dekoracne-pismeno","status":"publish","type":"product","link":"https:\/\/www.3dprintrg.sk\/cz\/produkt\/dekoracne-pismeno\/","title":{"rendered":"Dekora\u010dn\u00e9 p\u00edsmeno"},"content":{"rendered":"<p>Vo\u013ene stojace dekora\u010dn\u00e9 p\u00edsmeno<br \/>\nV\u00fd\u0161ka 11 cm<br \/>\nDo pozn\u00e1mky uvedte farbu a my v\u00e1s budeme obratom informovat s v\u00fdberom odtienov farieb<br \/>\nCena je za 1 p\u00edsmenko<br \/>\nDekor\u00e1cia je vyroben\u00e1 z PLA plastu,plast je vyroben\u00fd z obnovite\u013en\u00fdch zdrojov, ako je kukuri\u010dn\u00fd \u0161krob, cukrov\u00e1 trstina alebo zemiakov\u00fd \u0161krob,PLA plast je netoxick\u00fd a bezpe\u010dn\u00fd na styk s potravinami.<\/p>","protected":false},"excerpt":{"rendered":"<p>Vo\u013ene stojace dekora\u010dn\u00e9 p\u00edsmeno<br \/>\nV\u00fd\u0161ka 11 cm<br \/>\nDo pozn\u00e1mky uvedte farbu a ake p\u00edsmenko a my v\u00e1s budeme obratom informovat s v\u00fdberom odtienov farieb<br \/>\nCena je za 1 p\u00edsmenko<\/p>","protected":false},"featured_media":2107,"comment_status":"open","ping_status":"closed","template":"","meta":{"_et_pb_use_builder":"","_et_pb_old_content":"","_et_gb_content_width":"","iawp_total_views":16},"product_brand":[],"product_cat":[31],"product_tag":[249],"class_list":{"0":"post-2106","1":"product","2":"type-product","3":"status-publish","4":"has-post-thumbnail","6":"product_cat-dekoracie","7":"product_tag-dekoracne-pismeno","8":"wcpa_has_options","10":"first","11":"instock","12":"sale","13":"purchasable","14":"product-type-simple"},"jetpack_sharing_enabled":true,"_links":{"self":[{"href":"https:\/\/www.3dprintrg.sk\/cz\/wp-json\/wp\/v2\/product\/2106","targetHints":{"allow":["GET"]}}],"collection":[{"href":"https:\/\/www.3dprintrg.sk\/cz\/wp-json\/wp\/v2\/product"}],"about":[{"href":"https:\/\/www.3dprintrg.sk\/cz\/wp-json\/wp\/v2\/types\/product"}],"replies":[{"embeddable":true,"href":"https:\/\/www.3dprintrg.sk\/cz\/wp-json\/wp\/v2\/comments?post=2106"}],"wp:featuredmedia":[{"embeddable":true,"href":"https:\/\/www.3dprintrg.sk\/cz\/wp-json\/wp\/v2\/media\/2107"}],"wp:attachment":[{"href":"https:\/\/www.3dprintrg.sk\/cz\/wp-json\/wp\/v2\/media?parent=2106"}],"wp:term":[{"taxonomy":"product_brand","embeddable":true,"href":"https:\/\/www.3dprintrg.sk\/cz\/wp-json\/wp\/v2\/product_brand?post=2106"},{"taxonomy":"product_cat","embeddable":true,"href":"https:\/\/www.3dprintrg.sk\/cz\/wp-json\/wp\/v2\/product_cat?post=2106"},{"taxonomy":"product_tag","embeddable":true,"href":"https:\/\/www.3dprintrg.sk\/cz\/wp-json\/wp\/v2\/product_tag?post=2106"}],"curies":[{"name":"wp","href":"https:\/\/api.w.org\/{rel}","templated":true}]}}