{"id":2120,"date":"2025-02-26T16:19:49","date_gmt":"2025-02-26T15:19:49","guid":{"rendered":"https:\/\/www.3dprintrg.sk\/?post_type=product&#038;p=2120"},"modified":"2025-02-26T16:19:49","modified_gmt":"2025-02-26T15:19:49","slug":"razitkova-abeceda-cisla","status":"publish","type":"product","link":"https:\/\/www.3dprintrg.sk\/cz\/produkt\/razitkova-abeceda-cisla\/","title":{"rendered":"Raz\u00edtkova abeceda +\u010d\u00edsla"},"content":{"rendered":"<p>Raz\u00edtkova abeceda s \u010d\u00edslami<br \/>\nDo li\u0161ty si vklad\u00e1te p\u00edsmenka pod\u013ea va\u0161ej potreby.<br \/>\nV\u00fd\u0161ka p\u00edsmen je cca 1,5cm<br \/>\nDekor\u00e1cia je vyroben\u00e1 z PLA plastu,plast je vyroben\u00fd z obnovite\u013en\u00fdch zdrojov, ako je kukuri\u010dn\u00fd \u0161krob, cukrov\u00e1 trstina alebo zemiakov\u00fd \u0161krob,PLA plast je netoxick\u00fd a bezpe\u010dn\u00fd na styk s potravinami.<\/p>","protected":false},"excerpt":{"rendered":"<p>Raz\u00edtkova abeceda s \u010d\u00edslami<br \/>\nDo li\u0161ty si vklad\u00e1te p\u00edsmenka pod\u013ea va\u0161ej potreby.<br \/>\nV\u00fd\u0161ka p\u00edsmen je cca 1,5cm <\/p>","protected":false},"featured_media":2121,"comment_status":"open","ping_status":"closed","template":"","meta":{"_et_pb_use_builder":"","_et_pb_old_content":"","_et_gb_content_width":"","iawp_total_views":76},"product_brand":[],"product_cat":[15],"product_tag":[253,252],"class_list":{"0":"post-2120","1":"product","2":"type-product","3":"status-publish","4":"has-post-thumbnail","6":"product_cat-vykrajovacky","7":"product_tag-abeceda","8":"product_tag-razitkova-abeceda","10":"first","11":"instock","12":"purchasable","13":"product-type-simple"},"jetpack_sharing_enabled":true,"_links":{"self":[{"href":"https:\/\/www.3dprintrg.sk\/cz\/wp-json\/wp\/v2\/product\/2120","targetHints":{"allow":["GET"]}}],"collection":[{"href":"https:\/\/www.3dprintrg.sk\/cz\/wp-json\/wp\/v2\/product"}],"about":[{"href":"https:\/\/www.3dprintrg.sk\/cz\/wp-json\/wp\/v2\/types\/product"}],"replies":[{"embeddable":true,"href":"https:\/\/www.3dprintrg.sk\/cz\/wp-json\/wp\/v2\/comments?post=2120"}],"wp:featuredmedia":[{"embeddable":true,"href":"https:\/\/www.3dprintrg.sk\/cz\/wp-json\/wp\/v2\/media\/2121"}],"wp:attachment":[{"href":"https:\/\/www.3dprintrg.sk\/cz\/wp-json\/wp\/v2\/media?parent=2120"}],"wp:term":[{"taxonomy":"product_brand","embeddable":true,"href":"https:\/\/www.3dprintrg.sk\/cz\/wp-json\/wp\/v2\/product_brand?post=2120"},{"taxonomy":"product_cat","embeddable":true,"href":"https:\/\/www.3dprintrg.sk\/cz\/wp-json\/wp\/v2\/product_cat?post=2120"},{"taxonomy":"product_tag","embeddable":true,"href":"https:\/\/www.3dprintrg.sk\/cz\/wp-json\/wp\/v2\/product_tag?post=2120"}],"curies":[{"name":"wp","href":"https:\/\/api.w.org\/{rel}","templated":true}]}}