{"id":2143,"date":"2025-02-27T12:39:36","date_gmt":"2025-02-27T11:39:36","guid":{"rendered":"https:\/\/www.3dprintrg.sk\/?post_type=product&#038;p=2143"},"modified":"2025-02-27T12:39:36","modified_gmt":"2025-02-27T11:39:36","slug":"zapich-na-prijimanie-s-menom","status":"publish","type":"product","link":"https:\/\/www.3dprintrg.sk\/cz\/produkt\/zapich-na-prijimanie-s-menom\/","title":{"rendered":"Z\u00e1pich na prij\u00edmanie s menom"},"content":{"rendered":"<p>Personalizovan\u00fd z\u00e1pich na prij\u00edmanie s menom a d\u00e1tumom , dod\u00e1vame aj s kr\u00ed\u017eikom.<br \/>\nPri objedn\u00e1vke nap\u00ed\u0161te meno a d\u00e1tum.<br \/>\nRozmer 14 cm<br \/>\nKr\u00ed\u017eik 8,5 cm <\/p>\n<p>Dekor\u00e1cia je vyroben\u00e1 z PLA plastu,plast je vyroben\u00fd z obnovite\u013en\u00fdch zdrojov, ako je kukuri\u010dn\u00fd \u0161krob, cukrov\u00e1 trstina alebo zemiakov\u00fd \u0161krob,PLA plast je netoxick\u00fd a bezpe\u010dn\u00fd na styk s potravinami.<\/p>","protected":false},"excerpt":{"rendered":"<p>Personalizovan\u00fd z\u00e1pich na prij\u00edmanie s menom a d\u00e1tumom , dod\u00e1vame aj s kr\u00ed\u017eikom.<br \/>\nPri objedn\u00e1vke nap\u00ed\u0161te meno a d\u00e1tum.<br \/>\nRozmer 14 cm<br \/>\nKr\u00ed\u017eik 8,5 cm <\/p>","protected":false},"featured_media":2153,"comment_status":"open","ping_status":"closed","template":"","meta":{"_et_pb_use_builder":"","_et_pb_old_content":"","_et_gb_content_width":"","iawp_total_views":59},"product_brand":[],"product_cat":[49,24],"product_tag":[257,81,143,256],"class_list":{"0":"post-2143","1":"product","2":"type-product","3":"status-publish","4":"has-post-thumbnail","6":"product_cat-prijimanie","7":"product_cat-cirkevne-zapichy","8":"product_tag-prijimanie","9":"product_tag-zapich","10":"product_tag-zapich-na-prijimanie","11":"product_tag-zapich-s-menom-na-prijimanie","12":"wcpa_has_options","14":"first","15":"instock","16":"purchasable","17":"product-type-variable"},"jetpack_sharing_enabled":true,"_links":{"self":[{"href":"https:\/\/www.3dprintrg.sk\/cz\/wp-json\/wp\/v2\/product\/2143","targetHints":{"allow":["GET"]}}],"collection":[{"href":"https:\/\/www.3dprintrg.sk\/cz\/wp-json\/wp\/v2\/product"}],"about":[{"href":"https:\/\/www.3dprintrg.sk\/cz\/wp-json\/wp\/v2\/types\/product"}],"replies":[{"embeddable":true,"href":"https:\/\/www.3dprintrg.sk\/cz\/wp-json\/wp\/v2\/comments?post=2143"}],"wp:featuredmedia":[{"embeddable":true,"href":"https:\/\/www.3dprintrg.sk\/cz\/wp-json\/wp\/v2\/media\/2153"}],"wp:attachment":[{"href":"https:\/\/www.3dprintrg.sk\/cz\/wp-json\/wp\/v2\/media?parent=2143"}],"wp:term":[{"taxonomy":"product_brand","embeddable":true,"href":"https:\/\/www.3dprintrg.sk\/cz\/wp-json\/wp\/v2\/product_brand?post=2143"},{"taxonomy":"product_cat","embeddable":true,"href":"https:\/\/www.3dprintrg.sk\/cz\/wp-json\/wp\/v2\/product_cat?post=2143"},{"taxonomy":"product_tag","embeddable":true,"href":"https:\/\/www.3dprintrg.sk\/cz\/wp-json\/wp\/v2\/product_tag?post=2143"}],"curies":[{"name":"wp","href":"https:\/\/api.w.org\/{rel}","templated":true}]}}