{"id":2161,"date":"2025-03-03T09:02:54","date_gmt":"2025-03-03T08:02:54","guid":{"rendered":"https:\/\/www.3dprintrg.sk\/?post_type=product&#038;p=2161"},"modified":"2025-03-03T09:02:54","modified_gmt":"2025-03-03T08:02:54","slug":"forma-na-laskonky-oval","status":"publish","type":"product","link":"https:\/\/www.3dprintrg.sk\/cz\/produkt\/forma-na-laskonky-oval\/","title":{"rendered":"Forma na laskonky oval"},"content":{"rendered":"<p>Pou\u017eitie je ve\u013emi jednoduch\u00e9 \u2013 \u0161abl\u00f3nu polo\u017e\u00edte na plech vylo\u017een\u00fd papierom na pe\u010denie, rozotriete stierkou po \u0161abl\u00f3ne snehov\u00fa hmotu a formu opatrne zdvihnete \u2013 odklop\u00edte z plechu. Pomocou formy vytvor\u00edte 8 laskoniek.<\/p>\n<p>rozmery:<br \/>\n\u2013 forma 16 x 24 x 0,5 cm<br \/>\n\u2013 jedna laskonka 7 x 5 cm<\/p>","protected":false},"excerpt":{"rendered":"<p>Pou\u017eitie je ve\u013emi jednoduch\u00e9 &#8211; \u0161abl\u00f3nu polo\u017e\u00edte na plech vylo\u017een\u00fd papierom na pe\u010denie, rozotriete stierkou po \u0161abl\u00f3ne snehov\u00fa hmotu a formu opatrne zdvihnete &#8211; odklop\u00edte z plechu. Pomocou formy vytvor\u00edte 8 laskoniek.<\/p>\n<p>rozmery:<br \/>\n&#8211; forma 16 x 24 x 0,5 cm<br \/>\n&#8211; jedna laskonka 7 x 5 cm<\/p>\n<p>Forma je vyroben\u00e1 z PLA plastu,plast je vyroben\u00fd z obnovite\u013en\u00fdch zdrojov, ako je kukuri\u010dn\u00fd \u0161krob, cukrov\u00e1 trstina alebo zemiakov\u00fd \u0161krob,PLA plast je netoxick\u00fd a bezpe\u010dn\u00fd na styk s potravinami.<\/p>","protected":false},"featured_media":2162,"comment_status":"open","ping_status":"closed","template":"","meta":{"_et_pb_use_builder":"","_et_pb_old_content":"","_et_gb_content_width":"","iawp_total_views":22},"product_brand":[],"product_cat":[15],"product_tag":[259],"class_list":{"0":"post-2161","1":"product","2":"type-product","3":"status-publish","4":"has-post-thumbnail","6":"product_cat-vykrajovacky","7":"product_tag-forma-na-laskonky","9":"first","10":"instock","11":"purchasable","12":"product-type-simple"},"jetpack_sharing_enabled":true,"_links":{"self":[{"href":"https:\/\/www.3dprintrg.sk\/cz\/wp-json\/wp\/v2\/product\/2161","targetHints":{"allow":["GET"]}}],"collection":[{"href":"https:\/\/www.3dprintrg.sk\/cz\/wp-json\/wp\/v2\/product"}],"about":[{"href":"https:\/\/www.3dprintrg.sk\/cz\/wp-json\/wp\/v2\/types\/product"}],"replies":[{"embeddable":true,"href":"https:\/\/www.3dprintrg.sk\/cz\/wp-json\/wp\/v2\/comments?post=2161"}],"wp:featuredmedia":[{"embeddable":true,"href":"https:\/\/www.3dprintrg.sk\/cz\/wp-json\/wp\/v2\/media\/2162"}],"wp:attachment":[{"href":"https:\/\/www.3dprintrg.sk\/cz\/wp-json\/wp\/v2\/media?parent=2161"}],"wp:term":[{"taxonomy":"product_brand","embeddable":true,"href":"https:\/\/www.3dprintrg.sk\/cz\/wp-json\/wp\/v2\/product_brand?post=2161"},{"taxonomy":"product_cat","embeddable":true,"href":"https:\/\/www.3dprintrg.sk\/cz\/wp-json\/wp\/v2\/product_cat?post=2161"},{"taxonomy":"product_tag","embeddable":true,"href":"https:\/\/www.3dprintrg.sk\/cz\/wp-json\/wp\/v2\/product_tag?post=2161"}],"curies":[{"name":"wp","href":"https:\/\/api.w.org\/{rel}","templated":true}]}}