{"id":2171,"date":"2025-03-05T10:16:39","date_gmt":"2025-03-05T09:16:39","guid":{"rendered":"https:\/\/www.3dprintrg.sk\/?post_type=product&#038;p=2171"},"modified":"2025-03-05T10:16:40","modified_gmt":"2025-03-05T09:16:40","slug":"zapich-na-prve-svate-prijimanie","status":"publish","type":"product","link":"https:\/\/www.3dprintrg.sk\/cz\/produkt\/zapich-na-prve-svate-prijimanie\/","title":{"rendered":"Z\u00e1pich na prv\u00e9 sv\u00e4t\u00e9 prij\u00edmanie"},"content":{"rendered":"<p>N\u00e1lepka na akrylovom podklade diev\u010datko a chlapec k sviatosti pr\u00edjimania<br \/>\nRozmer 10 cm <\/p>","protected":false},"excerpt":{"rendered":"<p>N\u00e1lepka na akrylovom podklade diev\u010datko a chlapec k sviatosti pr\u00edjimania<br \/>\nRozmer 10 cm <\/p>","protected":false},"featured_media":2174,"comment_status":"open","ping_status":"closed","template":"","meta":{"_et_pb_use_builder":"","_et_pb_old_content":"","_et_gb_content_width":"","iawp_total_views":17},"product_brand":[],"product_cat":[24,49],"product_tag":[260,257,261],"class_list":{"0":"post-2171","1":"product","2":"type-product","3":"status-publish","4":"has-post-thumbnail","6":"product_cat-cirkevne-zapichy","7":"product_cat-prijimanie","8":"product_tag-obrazok-na-prijimanie","9":"product_tag-prijimanie","10":"product_tag-prve-svate-prijimanie","12":"first","13":"instock","14":"purchasable","15":"product-type-variable"},"jetpack_sharing_enabled":true,"_links":{"self":[{"href":"https:\/\/www.3dprintrg.sk\/cz\/wp-json\/wp\/v2\/product\/2171","targetHints":{"allow":["GET"]}}],"collection":[{"href":"https:\/\/www.3dprintrg.sk\/cz\/wp-json\/wp\/v2\/product"}],"about":[{"href":"https:\/\/www.3dprintrg.sk\/cz\/wp-json\/wp\/v2\/types\/product"}],"replies":[{"embeddable":true,"href":"https:\/\/www.3dprintrg.sk\/cz\/wp-json\/wp\/v2\/comments?post=2171"}],"wp:featuredmedia":[{"embeddable":true,"href":"https:\/\/www.3dprintrg.sk\/cz\/wp-json\/wp\/v2\/media\/2174"}],"wp:attachment":[{"href":"https:\/\/www.3dprintrg.sk\/cz\/wp-json\/wp\/v2\/media?parent=2171"}],"wp:term":[{"taxonomy":"product_brand","embeddable":true,"href":"https:\/\/www.3dprintrg.sk\/cz\/wp-json\/wp\/v2\/product_brand?post=2171"},{"taxonomy":"product_cat","embeddable":true,"href":"https:\/\/www.3dprintrg.sk\/cz\/wp-json\/wp\/v2\/product_cat?post=2171"},{"taxonomy":"product_tag","embeddable":true,"href":"https:\/\/www.3dprintrg.sk\/cz\/wp-json\/wp\/v2\/product_tag?post=2171"}],"curies":[{"name":"wp","href":"https:\/\/api.w.org\/{rel}","templated":true}]}}