{"id":2176,"date":"2025-03-05T10:20:51","date_gmt":"2025-03-05T09:20:51","guid":{"rendered":"https:\/\/www.3dprintrg.sk\/?post_type=product&#038;p=2176"},"modified":"2025-06-13T21:49:46","modified_gmt":"2025-06-13T19:49:46","slug":"papierovy-zapich-paw-patrol","status":"publish","type":"product","link":"https:\/\/www.3dprintrg.sk\/cz\/produkt\/papierovy-zapich-paw-patrol\/","title":{"rendered":"Papierov\u00fd z\u00e1pich Paw Patrol"},"content":{"rendered":"<p>Papierove z\u00e1pichy z filmu Paw Patrol<br \/>\nV\u0161etci ps\u00edkovia + chlapec a logo.<br \/>\n Ned\u00e1va\u0165 priamo na kr\u00e9m.<\/p>","protected":false},"excerpt":{"rendered":"<p>Papierov\u00e9 z\u00e1pichy z filmu Paw Patrol<br \/>\nNed\u00e1va\u0165 priamo na kr\u00e9m.<\/p>","protected":false},"featured_media":2177,"comment_status":"open","ping_status":"closed","template":"","meta":{"_et_pb_use_builder":"","_et_pb_old_content":"","_et_gb_content_width":"","iawp_total_views":16},"product_brand":[],"product_cat":[26],"product_tag":[134,262],"class_list":{"0":"post-2176","1":"product","2":"type-product","3":"status-publish","4":"has-post-thumbnail","6":"product_cat-papierove-zapichy","7":"product_tag-paw-patrol","8":"product_tag-zapich-paw-patrol","10":"first","11":"instock","12":"purchasable","13":"product-type-simple"},"jetpack_sharing_enabled":true,"_links":{"self":[{"href":"https:\/\/www.3dprintrg.sk\/cz\/wp-json\/wp\/v2\/product\/2176","targetHints":{"allow":["GET"]}}],"collection":[{"href":"https:\/\/www.3dprintrg.sk\/cz\/wp-json\/wp\/v2\/product"}],"about":[{"href":"https:\/\/www.3dprintrg.sk\/cz\/wp-json\/wp\/v2\/types\/product"}],"replies":[{"embeddable":true,"href":"https:\/\/www.3dprintrg.sk\/cz\/wp-json\/wp\/v2\/comments?post=2176"}],"wp:featuredmedia":[{"embeddable":true,"href":"https:\/\/www.3dprintrg.sk\/cz\/wp-json\/wp\/v2\/media\/2177"}],"wp:attachment":[{"href":"https:\/\/www.3dprintrg.sk\/cz\/wp-json\/wp\/v2\/media?parent=2176"}],"wp:term":[{"taxonomy":"product_brand","embeddable":true,"href":"https:\/\/www.3dprintrg.sk\/cz\/wp-json\/wp\/v2\/product_brand?post=2176"},{"taxonomy":"product_cat","embeddable":true,"href":"https:\/\/www.3dprintrg.sk\/cz\/wp-json\/wp\/v2\/product_cat?post=2176"},{"taxonomy":"product_tag","embeddable":true,"href":"https:\/\/www.3dprintrg.sk\/cz\/wp-json\/wp\/v2\/product_tag?post=2176"}],"curies":[{"name":"wp","href":"https:\/\/api.w.org\/{rel}","templated":true}]}}