{"id":2191,"date":"2025-03-11T12:56:46","date_gmt":"2025-03-11T11:56:46","guid":{"rendered":"https:\/\/www.3dprintrg.sk\/?post_type=product&#038;p=2191"},"modified":"2025-03-11T12:56:46","modified_gmt":"2025-03-11T11:56:46","slug":"svadobny-zapich-2","status":"publish","type":"product","link":"https:\/\/www.3dprintrg.sk\/cz\/produkt\/svadobny-zapich-2\/","title":{"rendered":"Svadobn\u00fd z\u00e1pich"},"content":{"rendered":"<p>Svadobn\u00fd z\u00e1pich s menami a d\u00e1tumom<br \/>\nV\u00fd\u0161ka 15 cm + z\u00e1pich<br \/>\nDo pozn\u00e1mky uvedte mena a d\u00e1tum.<br \/>\nDekor\u00e1cia je vyroben\u00e1 z PLA plastu,plast je vyroben\u00fd z obnovite\u013en\u00fdch zdrojov, ako je kukuri\u010dn\u00fd \u0161krob, cukrov\u00e1 trstina alebo zemiakov\u00fd \u0161krob,PLA plast je netoxick\u00fd a bezpe\u010dn\u00fd na styk s potravinami.<\/p>","protected":false},"excerpt":{"rendered":"<p>Svadobn\u00fd z\u00e1pich  s menami a d\u00e1tumom.<\/p>","protected":false},"featured_media":2193,"comment_status":"open","ping_status":"closed","template":"","meta":{"_et_pb_use_builder":"","_et_pb_old_content":"","_et_gb_content_width":"","iawp_total_views":21},"product_brand":[],"product_cat":[27],"product_tag":[82],"class_list":{"0":"post-2191","1":"product","2":"type-product","3":"status-publish","4":"has-post-thumbnail","6":"product_cat-svadobne-zapichy","7":"product_tag-svadobny-zapich","8":"wcpa_has_options","10":"first","11":"instock","12":"purchasable","13":"product-type-simple"},"jetpack_sharing_enabled":true,"_links":{"self":[{"href":"https:\/\/www.3dprintrg.sk\/cz\/wp-json\/wp\/v2\/product\/2191","targetHints":{"allow":["GET"]}}],"collection":[{"href":"https:\/\/www.3dprintrg.sk\/cz\/wp-json\/wp\/v2\/product"}],"about":[{"href":"https:\/\/www.3dprintrg.sk\/cz\/wp-json\/wp\/v2\/types\/product"}],"replies":[{"embeddable":true,"href":"https:\/\/www.3dprintrg.sk\/cz\/wp-json\/wp\/v2\/comments?post=2191"}],"wp:featuredmedia":[{"embeddable":true,"href":"https:\/\/www.3dprintrg.sk\/cz\/wp-json\/wp\/v2\/media\/2193"}],"wp:attachment":[{"href":"https:\/\/www.3dprintrg.sk\/cz\/wp-json\/wp\/v2\/media?parent=2191"}],"wp:term":[{"taxonomy":"product_brand","embeddable":true,"href":"https:\/\/www.3dprintrg.sk\/cz\/wp-json\/wp\/v2\/product_brand?post=2191"},{"taxonomy":"product_cat","embeddable":true,"href":"https:\/\/www.3dprintrg.sk\/cz\/wp-json\/wp\/v2\/product_cat?post=2191"},{"taxonomy":"product_tag","embeddable":true,"href":"https:\/\/www.3dprintrg.sk\/cz\/wp-json\/wp\/v2\/product_tag?post=2191"}],"curies":[{"name":"wp","href":"https:\/\/api.w.org\/{rel}","templated":true}]}}