{"id":2196,"date":"2025-03-11T21:36:20","date_gmt":"2025-03-11T20:36:20","guid":{"rendered":"https:\/\/www.3dprintrg.sk\/?post_type=product&#038;p=2196"},"modified":"2025-03-11T21:36:20","modified_gmt":"2025-03-11T20:36:20","slug":"obraz-pre-mamicku","status":"publish","type":"product","link":"https:\/\/www.3dprintrg.sk\/cz\/produkt\/obraz-pre-mamicku\/","title":{"rendered":"Obraz pre mami\u010dku"},"content":{"rendered":"<p>Dekor\u00e1cia obraz dr\u017eiace ruky mami\u010dky a dietatka, pamiatka na uschovanie n\u00e1ramku pri naroden\u00ed die\u0165atka.<br \/>\nKr\u00e1sna spomienka a pamiatka pre mami\u010dku aj s menom die\u0165atka.<br \/>\nRozmer 20 cm<br \/>\nNa v\u00fdber si m\u00f4\u017eete zvoli\u0165 farbu, ru\u017eova a modra.<br \/>\nZ\u00e1kladna vrchn\u00e1 farba bude siv\u00e1<br \/>\nDekor\u00e1cia je vyroben\u00e1 z PLA plastu,plast je vyroben\u00fd z obnovite\u013en\u00fdch zdrojov, ako je kukuri\u010dn\u00fd \u0161krob, cukrov\u00e1 trstina alebo zemiakov\u00fd \u0161krob,PLA plast je netoxick\u00fd a bezpe\u010dn\u00fd na styk s potravinami.<\/p>","protected":false},"excerpt":{"rendered":"<p>Dekor\u00e1cia obraz dr\u017eiace ruky mami\u010dky a dietatka, pamiatka na uschovanie n\u00e1ramku pri naroden\u00ed die\u0165atka.<br \/>\nKr\u00e1sna spomienka a pamiatka pre mami\u010dku aj s menom die\u0165atka.<br \/>\nRozmer 20 cm<br \/>\nNa v\u00fdber si m\u00f4\u017eete zvoli\u0165 farbu, ru\u017eova a modra.<br \/>\nZ\u00e1kladna vrchn\u00e1 farba bude siv\u00e1<\/p>","protected":false},"featured_media":2197,"comment_status":"open","ping_status":"closed","template":"","meta":{"_et_pb_use_builder":"","_et_pb_old_content":"","_et_gb_content_width":"","iawp_total_views":11},"product_brand":[],"product_cat":[31],"product_tag":[265],"class_list":{"0":"post-2196","1":"product","2":"type-product","3":"status-publish","4":"has-post-thumbnail","6":"product_cat-dekoracie","7":"product_tag-obraz-pre-mamu","9":"first","10":"instock","11":"purchasable","12":"product-type-variable"},"jetpack_sharing_enabled":true,"_links":{"self":[{"href":"https:\/\/www.3dprintrg.sk\/cz\/wp-json\/wp\/v2\/product\/2196","targetHints":{"allow":["GET"]}}],"collection":[{"href":"https:\/\/www.3dprintrg.sk\/cz\/wp-json\/wp\/v2\/product"}],"about":[{"href":"https:\/\/www.3dprintrg.sk\/cz\/wp-json\/wp\/v2\/types\/product"}],"replies":[{"embeddable":true,"href":"https:\/\/www.3dprintrg.sk\/cz\/wp-json\/wp\/v2\/comments?post=2196"}],"wp:featuredmedia":[{"embeddable":true,"href":"https:\/\/www.3dprintrg.sk\/cz\/wp-json\/wp\/v2\/media\/2197"}],"wp:attachment":[{"href":"https:\/\/www.3dprintrg.sk\/cz\/wp-json\/wp\/v2\/media?parent=2196"}],"wp:term":[{"taxonomy":"product_brand","embeddable":true,"href":"https:\/\/www.3dprintrg.sk\/cz\/wp-json\/wp\/v2\/product_brand?post=2196"},{"taxonomy":"product_cat","embeddable":true,"href":"https:\/\/www.3dprintrg.sk\/cz\/wp-json\/wp\/v2\/product_cat?post=2196"},{"taxonomy":"product_tag","embeddable":true,"href":"https:\/\/www.3dprintrg.sk\/cz\/wp-json\/wp\/v2\/product_tag?post=2196"}],"curies":[{"name":"wp","href":"https:\/\/api.w.org\/{rel}","templated":true}]}}