{"id":2217,"date":"2025-03-13T09:52:38","date_gmt":"2025-03-13T08:52:38","guid":{"rendered":"https:\/\/www.3dprintrg.sk\/?post_type=product&#038;p=2217"},"modified":"2025-03-13T09:52:38","modified_gmt":"2025-03-13T08:52:38","slug":"suncatcher-kolibrik","status":"publish","type":"product","link":"https:\/\/www.3dprintrg.sk\/cz\/produkt\/suncatcher-kolibrik\/","title":{"rendered":"Suncatcher-kolibr\u00edk"},"content":{"rendered":"<p>Milujete d\u00fahu a nebav\u00ed V\u00e1s nudn\u00e1 izba?<br \/>\nTak pr\u00e1ve pre v\u00e1s je tento Suncatcher.<br \/>\nVyk\u00fazli V\u00e1m toti\u017e doma pomocou slnie\u010dka d\u00fahu<br \/>\nAKO NA TO?<br \/>\n\u2022 starostlivo si vy\u010dist\u00edte miesto na okne, kam svieti slnie\u010dko<br \/>\n\u2022 zl\u00fapnete f\u00f3liu z druhej strany suncatcheru<br \/>\n\u2022 poriadne nalep\u00edte na okno<br \/>\n\u2022 u\u017e\u00edvajte si d\u00fahu!<\/p>\n<p>Nezanech\u00e1va stopy lepidla<br \/>\nRozmer cca 12,5*12,5cm<\/p>","protected":false},"excerpt":{"rendered":"<p>Vneste k\u00fazlo slne\u010dn\u00fdch l\u00fa\u010dov do svojho domova s na\u0161\u00edm lapa\u010dom slnka! T\u00e1to jedine\u010dn\u00e1 samolepka na okno vytv\u00e1ra n\u00e1dhern\u00fa hru farieb a d\u00fah v interi\u00e9ri.<\/p>","protected":false},"featured_media":2218,"comment_status":"open","ping_status":"closed","template":"","meta":{"_et_pb_use_builder":"","_et_pb_old_content":"","_et_gb_content_width":"","iawp_total_views":10},"product_brand":[],"product_cat":[268],"product_tag":[270,269],"class_list":{"0":"post-2217","1":"product","2":"type-product","3":"status-publish","4":"has-post-thumbnail","6":"product_cat-suncatcher","7":"product_tag-lapac-slnka-na-okno","8":"product_tag-suncatcher","10":"first","11":"instock","12":"sale","13":"purchasable","14":"product-type-simple"},"jetpack_sharing_enabled":true,"_links":{"self":[{"href":"https:\/\/www.3dprintrg.sk\/cz\/wp-json\/wp\/v2\/product\/2217","targetHints":{"allow":["GET"]}}],"collection":[{"href":"https:\/\/www.3dprintrg.sk\/cz\/wp-json\/wp\/v2\/product"}],"about":[{"href":"https:\/\/www.3dprintrg.sk\/cz\/wp-json\/wp\/v2\/types\/product"}],"replies":[{"embeddable":true,"href":"https:\/\/www.3dprintrg.sk\/cz\/wp-json\/wp\/v2\/comments?post=2217"}],"wp:featuredmedia":[{"embeddable":true,"href":"https:\/\/www.3dprintrg.sk\/cz\/wp-json\/wp\/v2\/media\/2218"}],"wp:attachment":[{"href":"https:\/\/www.3dprintrg.sk\/cz\/wp-json\/wp\/v2\/media?parent=2217"}],"wp:term":[{"taxonomy":"product_brand","embeddable":true,"href":"https:\/\/www.3dprintrg.sk\/cz\/wp-json\/wp\/v2\/product_brand?post=2217"},{"taxonomy":"product_cat","embeddable":true,"href":"https:\/\/www.3dprintrg.sk\/cz\/wp-json\/wp\/v2\/product_cat?post=2217"},{"taxonomy":"product_tag","embeddable":true,"href":"https:\/\/www.3dprintrg.sk\/cz\/wp-json\/wp\/v2\/product_tag?post=2217"}],"curies":[{"name":"wp","href":"https:\/\/api.w.org\/{rel}","templated":true}]}}