{"id":2234,"date":"2025-03-17T19:22:20","date_gmt":"2025-03-17T18:22:20","guid":{"rendered":"https:\/\/www.3dprintrg.sk\/?post_type=product&#038;p=2234"},"modified":"2025-03-17T19:22:20","modified_gmt":"2025-03-17T18:22:20","slug":"nalepky-na-korenicky-2","status":"publish","type":"product","link":"https:\/\/www.3dprintrg.sk\/cz\/produkt\/nalepky-na-korenicky-2\/","title":{"rendered":"N\u00e1lepky na koreni\u010dky"},"content":{"rendered":"<p>N\u00e1lepky na koreni\u010dky okr\u00fahle <\/p>\n<p>U\u013eah\u010dite si pr\u00e1ci v kuchyni a vyberte si na\u0161e n\u00e1lepky na koreni\u010dky v bielom  preveden\u00ed. Minimalistick\u00fd dizajn sa hod\u00ed do ka\u017edej kuchyne. Priemer n\u00e1lepky je 5cm a m\u00f4\u017eete ich nalepi\u0165 na vie\u010dko, kde bude pekne vidie\u0165 vo v\u00fdsuvnom \u0161ufl\u00edku alebo zpredu, ke\u010f m\u00e1te doma policov\u00fd syst\u00e9m.<\/p>\n<p>Cena je za h\u00e1rok A4 12 ks n\u00e1lepiek<br \/>\nDo pozn\u00e1mky si nap\u00ed\u0161te ak\u00e9 koreniny potrebujete, ak budete ma\u0165 viac ako 12 ks treba si vlo\u017ei\u0165 do ko\u0161ika po\u010det h\u00e1rkov A4<\/p>","protected":false},"excerpt":{"rendered":"<p>N\u00e1lepky na koreni\u010dky okr\u00fahle <\/p>\n<p>U\u013eah\u010dite si pr\u00e1ci v kuchyni a vyberte si na\u0161e n\u00e1lepky na koreni\u010dky v bielom  preveden\u00ed. Minimalistick\u00fd dizajn sa hod\u00ed do ka\u017edej kuchyne. Priemer n\u00e1lepky je 5cm a m\u00f4\u017eete ich nalepi\u0165 na vie\u010dko, kde bude pekne vidie\u0165 vo v\u00fdsuvnom \u0161ufl\u00edku alebo zpredu, ke\u010f m\u00e1te doma policov\u00fd syst\u00e9m.<\/p>\n<p>Cena je za h\u00e1rok A4 12 ks n\u00e1lepiek<br \/>\nDo pozn\u00e1mky si nap\u00ed\u0161te ak\u00e9 koreniny potrebujete, ak budete ma\u0165 viac ako 12 ks treba si vlo\u017ei\u0165 do ko\u0161ika po\u010det h\u00e1rkov A4<\/p>","protected":false},"featured_media":2235,"comment_status":"open","ping_status":"closed","template":"","meta":{"_et_pb_use_builder":"","_et_pb_old_content":"","_et_gb_content_width":"","iawp_total_views":40},"product_brand":[],"product_cat":[30,41],"product_tag":[271],"class_list":{"0":"post-2234","1":"product","2":"type-product","3":"status-publish","4":"has-post-thumbnail","6":"product_cat-nalepky","7":"product_cat-na-korenicky","8":"product_tag-nalepky-na-korenicky","9":"wcpa_has_options","11":"first","12":"instock","13":"purchasable","14":"product-type-variable"},"jetpack_sharing_enabled":true,"_links":{"self":[{"href":"https:\/\/www.3dprintrg.sk\/cz\/wp-json\/wp\/v2\/product\/2234","targetHints":{"allow":["GET"]}}],"collection":[{"href":"https:\/\/www.3dprintrg.sk\/cz\/wp-json\/wp\/v2\/product"}],"about":[{"href":"https:\/\/www.3dprintrg.sk\/cz\/wp-json\/wp\/v2\/types\/product"}],"replies":[{"embeddable":true,"href":"https:\/\/www.3dprintrg.sk\/cz\/wp-json\/wp\/v2\/comments?post=2234"}],"wp:featuredmedia":[{"embeddable":true,"href":"https:\/\/www.3dprintrg.sk\/cz\/wp-json\/wp\/v2\/media\/2235"}],"wp:attachment":[{"href":"https:\/\/www.3dprintrg.sk\/cz\/wp-json\/wp\/v2\/media?parent=2234"}],"wp:term":[{"taxonomy":"product_brand","embeddable":true,"href":"https:\/\/www.3dprintrg.sk\/cz\/wp-json\/wp\/v2\/product_brand?post=2234"},{"taxonomy":"product_cat","embeddable":true,"href":"https:\/\/www.3dprintrg.sk\/cz\/wp-json\/wp\/v2\/product_cat?post=2234"},{"taxonomy":"product_tag","embeddable":true,"href":"https:\/\/www.3dprintrg.sk\/cz\/wp-json\/wp\/v2\/product_tag?post=2234"}],"curies":[{"name":"wp","href":"https:\/\/api.w.org\/{rel}","templated":true}]}}