{"id":2238,"date":"2025-03-17T19:40:39","date_gmt":"2025-03-17T18:40:39","guid":{"rendered":"https:\/\/www.3dprintrg.sk\/?post_type=product&#038;p=2238"},"modified":"2025-07-03T10:00:38","modified_gmt":"2025-07-03T08:00:38","slug":"pozvanka-na-prijimanie","status":"publish","type":"product","link":"https:\/\/www.3dprintrg.sk\/cz\/produkt\/pozvanka-na-prijimanie\/","title":{"rendered":"Pozv\u00e1nka na prij\u00edmanie"},"content":{"rendered":"<p>N\u00e1dhern\u00e9 a jemn\u00e9 diev\u010densk\u00e9 ozn\u00e1menie prv\u00e9ho sv\u00e4t\u00e9ho prij\u00edmania. Aj n\u00e1sledn\u00e9 posedenie pri t\u00fdchto pr\u00edle\u017eitostiach m\u00f4\u017ee by\u0165 laden\u00e9 v t\u00fdchto farb\u00e1ch a doplnen\u00e9 \u010fal\u0161\u00edmi tla\u010dovinami z na\u0161ej ponuky v rovnakom mot\u00edve, ako napr\u00edklad etiketami na f\u013ea\u0161e, \u010di n\u00e1lapkami na v\u00fdslu\u017ekove krabice.<br \/>\nRozmer 10x15cm<br \/>\nDod\u00e1vame aj s ob\u00e1lkou<\/p>\n<p>Do pozn\u00e1mky uvedte text, ktor\u00fd m\u00e1 by\u0165 na pozv\u00e1nke <\/p>","protected":false},"excerpt":{"rendered":"<p>N\u00e1dhern\u00e9 a jemn\u00e9 diev\u010densk\u00e9 ozn\u00e1menie prv\u00e9ho sv\u00e4t\u00e9ho prij\u00edmania. Aj n\u00e1sledn\u00e9 posedenie pri t\u00fdchto pr\u00edle\u017eitostiach m\u00f4\u017ee by\u0165 laden\u00e9 v t\u00fdchto farb\u00e1ch a doplnen\u00e9 \u010fal\u0161\u00edmi tla\u010dovinami z na\u0161ej ponuky v rovnakom mot\u00edve, ako napr\u00edklad etiketami na f\u013ea\u0161e, \u010di n\u00e1lapkami na v\u00fdslu\u017ekove krabice.<br \/>\nRozmer 10x15cm<br \/>\nDod\u00e1vame aj s ob\u00e1lkou<\/p>\n<p>Do pozn\u00e1mky uvedte text, ktor\u00fd m\u00e1 by\u0165 na pozv\u00e1nke <\/p>","protected":false},"featured_media":2239,"comment_status":"open","ping_status":"closed","template":"","meta":{"_et_pb_use_builder":"","_et_pb_old_content":"","_et_gb_content_width":"","iawp_total_views":37},"product_brand":[],"product_cat":[49,272],"product_tag":[273],"class_list":{"0":"post-2238","1":"product","2":"type-product","3":"status-publish","4":"has-post-thumbnail","6":"product_cat-prijimanie","7":"product_cat-pozvanky","8":"product_tag-pozvanky","9":"wcpa_has_options","11":"first","12":"instock","13":"purchasable","14":"product-type-simple"},"jetpack_sharing_enabled":true,"_links":{"self":[{"href":"https:\/\/www.3dprintrg.sk\/cz\/wp-json\/wp\/v2\/product\/2238","targetHints":{"allow":["GET"]}}],"collection":[{"href":"https:\/\/www.3dprintrg.sk\/cz\/wp-json\/wp\/v2\/product"}],"about":[{"href":"https:\/\/www.3dprintrg.sk\/cz\/wp-json\/wp\/v2\/types\/product"}],"replies":[{"embeddable":true,"href":"https:\/\/www.3dprintrg.sk\/cz\/wp-json\/wp\/v2\/comments?post=2238"}],"wp:featuredmedia":[{"embeddable":true,"href":"https:\/\/www.3dprintrg.sk\/cz\/wp-json\/wp\/v2\/media\/2239"}],"wp:attachment":[{"href":"https:\/\/www.3dprintrg.sk\/cz\/wp-json\/wp\/v2\/media?parent=2238"}],"wp:term":[{"taxonomy":"product_brand","embeddable":true,"href":"https:\/\/www.3dprintrg.sk\/cz\/wp-json\/wp\/v2\/product_brand?post=2238"},{"taxonomy":"product_cat","embeddable":true,"href":"https:\/\/www.3dprintrg.sk\/cz\/wp-json\/wp\/v2\/product_cat?post=2238"},{"taxonomy":"product_tag","embeddable":true,"href":"https:\/\/www.3dprintrg.sk\/cz\/wp-json\/wp\/v2\/product_tag?post=2238"}],"curies":[{"name":"wp","href":"https:\/\/api.w.org\/{rel}","templated":true}]}}