{"id":2265,"date":"2025-03-20T09:19:19","date_gmt":"2025-03-20T08:19:19","guid":{"rendered":"https:\/\/www.3dprintrg.sk\/?post_type=product&#038;p=2265"},"modified":"2025-03-20T09:19:19","modified_gmt":"2025-03-20T08:19:19","slug":"dievca-v-ruzovych-satach","status":"publish","type":"product","link":"https:\/\/www.3dprintrg.sk\/cz\/produkt\/dievca-v-ruzovych-satach\/","title":{"rendered":"Diev\u010da v ru\u017eov\u00fdch \u0161at\u00e1ch"},"content":{"rendered":"<p>Papierovy z\u00e1pich diev\u010da v ru\u017eov\u00fdch \u0161at\u00e1ch<br \/>\nV\u00fd\u0161ka 14 cm <\/p>","protected":false},"excerpt":{"rendered":"<p>Papierovy z\u00e1pich diev\u010da v ru\u017eov\u00fdch \u0161at\u00e1ch<br \/>\nV\u00fd\u0161ka 14 cm <\/p>","protected":false},"featured_media":2266,"comment_status":"open","ping_status":"closed","template":"","meta":{"_et_pb_use_builder":"","_et_pb_old_content":"","_et_gb_content_width":"","iawp_total_views":4},"product_brand":[],"product_cat":[26],"product_tag":[280],"class_list":{"0":"post-2265","1":"product","2":"type-product","3":"status-publish","4":"has-post-thumbnail","6":"product_cat-papierove-zapichy","7":"product_tag-dievca-v-satach","9":"first","10":"instock","11":"purchasable","12":"product-type-simple"},"jetpack_sharing_enabled":true,"_links":{"self":[{"href":"https:\/\/www.3dprintrg.sk\/cz\/wp-json\/wp\/v2\/product\/2265","targetHints":{"allow":["GET"]}}],"collection":[{"href":"https:\/\/www.3dprintrg.sk\/cz\/wp-json\/wp\/v2\/product"}],"about":[{"href":"https:\/\/www.3dprintrg.sk\/cz\/wp-json\/wp\/v2\/types\/product"}],"replies":[{"embeddable":true,"href":"https:\/\/www.3dprintrg.sk\/cz\/wp-json\/wp\/v2\/comments?post=2265"}],"wp:featuredmedia":[{"embeddable":true,"href":"https:\/\/www.3dprintrg.sk\/cz\/wp-json\/wp\/v2\/media\/2266"}],"wp:attachment":[{"href":"https:\/\/www.3dprintrg.sk\/cz\/wp-json\/wp\/v2\/media?parent=2265"}],"wp:term":[{"taxonomy":"product_brand","embeddable":true,"href":"https:\/\/www.3dprintrg.sk\/cz\/wp-json\/wp\/v2\/product_brand?post=2265"},{"taxonomy":"product_cat","embeddable":true,"href":"https:\/\/www.3dprintrg.sk\/cz\/wp-json\/wp\/v2\/product_cat?post=2265"},{"taxonomy":"product_tag","embeddable":true,"href":"https:\/\/www.3dprintrg.sk\/cz\/wp-json\/wp\/v2\/product_tag?post=2265"}],"curies":[{"name":"wp","href":"https:\/\/api.w.org\/{rel}","templated":true}]}}