{"id":2273,"date":"2025-03-29T16:54:36","date_gmt":"2025-03-29T15:54:36","guid":{"rendered":"https:\/\/www.3dprintrg.sk\/?post_type=product&#038;p=2273"},"modified":"2025-03-29T16:54:36","modified_gmt":"2025-03-29T15:54:36","slug":"zapich-drevene-cislo","status":"publish","type":"product","link":"https:\/\/www.3dprintrg.sk\/cz\/produkt\/zapich-drevene-cislo\/","title":{"rendered":"Z\u00e1pich dreven\u00e9 \u010d\u00edslo"},"content":{"rendered":"<p>Z\u00e1pich na tortu dreven\u00e9 dvoj\u010d\u00edslo<br \/>\nV\u00fd\u0161ka \u010d\u00edsla 7cm +pali\u010dka na zapichnutie <\/p>","protected":false},"excerpt":{"rendered":"<p>Z\u00e1pich na tortu dreven\u00e9 dvoj\u010d\u00edslo<br \/>\nV\u00fd\u0161ka \u010d\u00edsla 7cm +pali\u010dka na zapichnutie <\/p>","protected":false},"featured_media":2274,"comment_status":"open","ping_status":"closed","template":"","meta":{"_et_pb_use_builder":"","_et_pb_old_content":"","_et_gb_content_width":"","iawp_total_views":14},"product_brand":[],"product_cat":[22,281],"product_tag":[70,81,131],"class_list":{"0":"post-2273","1":"product","2":"type-product","3":"status-publish","4":"has-post-thumbnail","6":"product_cat-dvojcisla","7":"product_cat-vyrobky-z-dreva","8":"product_tag-cislo","9":"product_tag-zapich","10":"product_tag-zapich-cislo","11":"wcpa_has_options","13":"first","14":"instock","15":"purchasable","16":"product-type-simple"},"jetpack_sharing_enabled":true,"_links":{"self":[{"href":"https:\/\/www.3dprintrg.sk\/cz\/wp-json\/wp\/v2\/product\/2273","targetHints":{"allow":["GET"]}}],"collection":[{"href":"https:\/\/www.3dprintrg.sk\/cz\/wp-json\/wp\/v2\/product"}],"about":[{"href":"https:\/\/www.3dprintrg.sk\/cz\/wp-json\/wp\/v2\/types\/product"}],"replies":[{"embeddable":true,"href":"https:\/\/www.3dprintrg.sk\/cz\/wp-json\/wp\/v2\/comments?post=2273"}],"wp:featuredmedia":[{"embeddable":true,"href":"https:\/\/www.3dprintrg.sk\/cz\/wp-json\/wp\/v2\/media\/2274"}],"wp:attachment":[{"href":"https:\/\/www.3dprintrg.sk\/cz\/wp-json\/wp\/v2\/media?parent=2273"}],"wp:term":[{"taxonomy":"product_brand","embeddable":true,"href":"https:\/\/www.3dprintrg.sk\/cz\/wp-json\/wp\/v2\/product_brand?post=2273"},{"taxonomy":"product_cat","embeddable":true,"href":"https:\/\/www.3dprintrg.sk\/cz\/wp-json\/wp\/v2\/product_cat?post=2273"},{"taxonomy":"product_tag","embeddable":true,"href":"https:\/\/www.3dprintrg.sk\/cz\/wp-json\/wp\/v2\/product_tag?post=2273"}],"curies":[{"name":"wp","href":"https:\/\/api.w.org\/{rel}","templated":true}]}}