{"id":2275,"date":"2025-03-29T17:00:40","date_gmt":"2025-03-29T16:00:40","guid":{"rendered":"https:\/\/www.3dprintrg.sk\/?post_type=product&#038;p=2275"},"modified":"2025-03-29T17:00:40","modified_gmt":"2025-03-29T16:00:40","slug":"zapich-prve-svate-prijimanie","status":"publish","type":"product","link":"https:\/\/www.3dprintrg.sk\/cz\/produkt\/zapich-prve-svate-prijimanie\/","title":{"rendered":"Z\u00e1pich Prv\u00e9 sv\u00e4t\u00e9 prij\u00edmanie"},"content":{"rendered":"<p>Dreven\u00fd z\u00e1pich na prv\u00e9 sv\u00e4t\u00e9 prij\u00edmanie<br \/>\n15 cm <\/p>","protected":false},"excerpt":{"rendered":"<p>Dreven\u00fd z\u00e1pich na prv\u00e9 sv\u00e4t\u00e9 prij\u00edmanie<br \/>\n15 cm <\/p>","protected":false},"featured_media":2276,"comment_status":"open","ping_status":"closed","template":"","meta":{"_et_pb_use_builder":"","_et_pb_old_content":"","_et_gb_content_width":"","iawp_total_views":18},"product_brand":[],"product_cat":[281,49],"product_tag":[81,143,284],"class_list":{"0":"post-2275","1":"product","2":"type-product","3":"status-publish","4":"has-post-thumbnail","6":"product_cat-vyrobky-z-dreva","7":"product_cat-prijimanie","8":"product_tag-zapich","9":"product_tag-zapich-na-prijimanie","10":"product_tag-zapich-prijimanie","12":"first","13":"instock","14":"purchasable","15":"product-type-simple"},"jetpack_sharing_enabled":true,"_links":{"self":[{"href":"https:\/\/www.3dprintrg.sk\/cz\/wp-json\/wp\/v2\/product\/2275","targetHints":{"allow":["GET"]}}],"collection":[{"href":"https:\/\/www.3dprintrg.sk\/cz\/wp-json\/wp\/v2\/product"}],"about":[{"href":"https:\/\/www.3dprintrg.sk\/cz\/wp-json\/wp\/v2\/types\/product"}],"replies":[{"embeddable":true,"href":"https:\/\/www.3dprintrg.sk\/cz\/wp-json\/wp\/v2\/comments?post=2275"}],"wp:featuredmedia":[{"embeddable":true,"href":"https:\/\/www.3dprintrg.sk\/cz\/wp-json\/wp\/v2\/media\/2276"}],"wp:attachment":[{"href":"https:\/\/www.3dprintrg.sk\/cz\/wp-json\/wp\/v2\/media?parent=2275"}],"wp:term":[{"taxonomy":"product_brand","embeddable":true,"href":"https:\/\/www.3dprintrg.sk\/cz\/wp-json\/wp\/v2\/product_brand?post=2275"},{"taxonomy":"product_cat","embeddable":true,"href":"https:\/\/www.3dprintrg.sk\/cz\/wp-json\/wp\/v2\/product_cat?post=2275"},{"taxonomy":"product_tag","embeddable":true,"href":"https:\/\/www.3dprintrg.sk\/cz\/wp-json\/wp\/v2\/product_tag?post=2275"}],"curies":[{"name":"wp","href":"https:\/\/api.w.org\/{rel}","templated":true}]}}