{"id":2283,"date":"2025-03-31T11:37:45","date_gmt":"2025-03-31T09:37:45","guid":{"rendered":"https:\/\/www.3dprintrg.sk\/?post_type=product&#038;p=2283"},"modified":"2025-03-31T11:37:45","modified_gmt":"2025-03-31T09:37:45","slug":"nalepka-na-krabicku-kolacikov","status":"publish","type":"product","link":"https:\/\/www.3dprintrg.sk\/cz\/produkt\/nalepka-na-krabicku-kolacikov\/","title":{"rendered":"N\u00e1lepka na krabi\u010dku kol\u00e1\u010dikov"},"content":{"rendered":"<p>N\u00e1lepka na krabi\u010dku kol\u00e1\u010dikov k 1.sv\u00e4t\u00e9mu prij\u00edmaniu s diev\u010datkom.<br \/>\nRozmer n\u00e1lepky je 7*5 cm<br \/>\nNa jednej A4 je 9 n\u00e1lepiek , do ko\u0161\u00edka si vlo\u017ete po\u010det h\u00e1rkov A4<br \/>\nCena je za jeden harok A4<\/p>","protected":false},"excerpt":{"rendered":"<p>N\u00e1lepka na krabi\u010dku kol\u00e1\u010dikov k 1.sv\u00e4t\u00e9mu prij\u00edmaniu s diev\u010datkom.<br \/>\nRozmer n\u00e1lepky je 7*5 cm<br \/>\nNa jednej A4 je 9 n\u00e1lepiek , do ko\u0161\u00edka si vlo\u017ete po\u010det h\u00e1rkov A4 <\/p>","protected":false},"featured_media":2284,"comment_status":"open","ping_status":"closed","template":"","meta":{"_et_pb_use_builder":"","_et_pb_old_content":"","_et_gb_content_width":"","iawp_total_views":29},"product_brand":[],"product_cat":[49,30],"product_tag":[285],"class_list":{"0":"post-2283","1":"product","2":"type-product","3":"status-publish","4":"has-post-thumbnail","6":"product_cat-prijimanie","7":"product_cat-nalepky","8":"product_tag-nalepka-na-krabicku","9":"wcpa_has_options","11":"first","12":"instock","13":"purchasable","14":"product-type-simple"},"jetpack_sharing_enabled":true,"_links":{"self":[{"href":"https:\/\/www.3dprintrg.sk\/cz\/wp-json\/wp\/v2\/product\/2283","targetHints":{"allow":["GET"]}}],"collection":[{"href":"https:\/\/www.3dprintrg.sk\/cz\/wp-json\/wp\/v2\/product"}],"about":[{"href":"https:\/\/www.3dprintrg.sk\/cz\/wp-json\/wp\/v2\/types\/product"}],"replies":[{"embeddable":true,"href":"https:\/\/www.3dprintrg.sk\/cz\/wp-json\/wp\/v2\/comments?post=2283"}],"wp:featuredmedia":[{"embeddable":true,"href":"https:\/\/www.3dprintrg.sk\/cz\/wp-json\/wp\/v2\/media\/2284"}],"wp:attachment":[{"href":"https:\/\/www.3dprintrg.sk\/cz\/wp-json\/wp\/v2\/media?parent=2283"}],"wp:term":[{"taxonomy":"product_brand","embeddable":true,"href":"https:\/\/www.3dprintrg.sk\/cz\/wp-json\/wp\/v2\/product_brand?post=2283"},{"taxonomy":"product_cat","embeddable":true,"href":"https:\/\/www.3dprintrg.sk\/cz\/wp-json\/wp\/v2\/product_cat?post=2283"},{"taxonomy":"product_tag","embeddable":true,"href":"https:\/\/www.3dprintrg.sk\/cz\/wp-json\/wp\/v2\/product_tag?post=2283"}],"curies":[{"name":"wp","href":"https:\/\/api.w.org\/{rel}","templated":true}]}}