{"id":2286,"date":"2025-03-31T11:48:22","date_gmt":"2025-03-31T09:48:22","guid":{"rendered":"https:\/\/www.3dprintrg.sk\/?post_type=product&#038;p=2286"},"modified":"2025-03-31T11:48:22","modified_gmt":"2025-03-31T09:48:22","slug":"pamiatka-na-1-svate-prijimanie","status":"publish","type":"product","link":"https:\/\/www.3dprintrg.sk\/cz\/produkt\/pamiatka-na-1-svate-prijimanie\/","title":{"rendered":"Pamiatka na 1.sv\u00e4t\u00e9 prij\u00edmanie"},"content":{"rendered":"<p>Pamiatka v podobe kr\u00ed\u017ea na 1.sv\u00e4t\u00e9 prijimanie s menom die\u0165atka a datumom prij\u00edmania<br \/>\nVe\u013ekos\u0165 kr\u00ed\u017ea je 20*13 cm<br \/>\nTopo\u013eov\u00e1 preglejka 3 mm.<br \/>\nGravirovane laserom. <\/p>","protected":false},"excerpt":{"rendered":"<p>Pamiatka v podobe kr\u00ed\u017ea na 1.sv\u00e4t\u00e9 prijimanie s menom die\u0165atka a datumom prij\u00edmania<br \/>\nVe\u013ekos\u0165 kr\u00ed\u017ea je 20*13 cm<br \/>\nTopo\u013eov\u00e1 preglejka 3 mm.<br \/>\nGravirovane laserom. <\/p>","protected":false},"featured_media":2287,"comment_status":"open","ping_status":"closed","template":"","meta":{"_et_pb_use_builder":"","_et_pb_old_content":"","_et_gb_content_width":"","iawp_total_views":26},"product_brand":[],"product_cat":[281,49],"product_tag":[286,287],"class_list":{"0":"post-2286","1":"product","2":"type-product","3":"status-publish","4":"has-post-thumbnail","6":"product_cat-vyrobky-z-dreva","7":"product_cat-prijimanie","8":"product_tag-darcek-na-prijimanie","9":"product_tag-krizik-na-prijimanie","10":"wcpa_has_options","12":"first","13":"instock","14":"purchasable","15":"product-type-variable"},"jetpack_sharing_enabled":true,"_links":{"self":[{"href":"https:\/\/www.3dprintrg.sk\/cz\/wp-json\/wp\/v2\/product\/2286","targetHints":{"allow":["GET"]}}],"collection":[{"href":"https:\/\/www.3dprintrg.sk\/cz\/wp-json\/wp\/v2\/product"}],"about":[{"href":"https:\/\/www.3dprintrg.sk\/cz\/wp-json\/wp\/v2\/types\/product"}],"replies":[{"embeddable":true,"href":"https:\/\/www.3dprintrg.sk\/cz\/wp-json\/wp\/v2\/comments?post=2286"}],"wp:featuredmedia":[{"embeddable":true,"href":"https:\/\/www.3dprintrg.sk\/cz\/wp-json\/wp\/v2\/media\/2287"}],"wp:attachment":[{"href":"https:\/\/www.3dprintrg.sk\/cz\/wp-json\/wp\/v2\/media?parent=2286"}],"wp:term":[{"taxonomy":"product_brand","embeddable":true,"href":"https:\/\/www.3dprintrg.sk\/cz\/wp-json\/wp\/v2\/product_brand?post=2286"},{"taxonomy":"product_cat","embeddable":true,"href":"https:\/\/www.3dprintrg.sk\/cz\/wp-json\/wp\/v2\/product_cat?post=2286"},{"taxonomy":"product_tag","embeddable":true,"href":"https:\/\/www.3dprintrg.sk\/cz\/wp-json\/wp\/v2\/product_tag?post=2286"}],"curies":[{"name":"wp","href":"https:\/\/api.w.org\/{rel}","templated":true}]}}