{"id":2291,"date":"2025-03-31T11:57:33","date_gmt":"2025-03-31T09:57:33","guid":{"rendered":"https:\/\/www.3dprintrg.sk\/?post_type=product&#038;p=2291"},"modified":"2025-03-31T11:57:33","modified_gmt":"2025-03-31T09:57:33","slug":"dreveny-velkonocny-zajacik-na-peniaze","status":"publish","type":"product","link":"https:\/\/www.3dprintrg.sk\/cz\/produkt\/dreveny-velkonocny-zajacik-na-peniaze\/","title":{"rendered":"Dreven\u00fd ve\u013ekono\u010dn\u00fd zaja\u010dik na peniaze"},"content":{"rendered":"<p>Grav\u00edrovan\u00fd dreven\u00fd zaja\u010dik na darovanie penaz\u00ed k Ve\u013ekej noci pre mal\u00fdch \u0161iba\u010dov.<br \/>\nRozmer 12*8 cm<br \/>\nBankovka nie je s\u00fa\u010das\u0165ou balenia<\/p>","protected":false},"excerpt":{"rendered":"<p>Grav\u00edrovan\u00fd dreven\u00fd zaja\u010dik na darovanie penaz\u00ed k Ve\u013ekej noci pre mal\u00fdch \u0161iba\u010dov.<br \/>\nRozmer 12*8 cm<br \/>\nBankovka nie je s\u00fa\u010das\u0165ou balenia<\/p>","protected":false},"featured_media":2292,"comment_status":"open","ping_status":"closed","template":"","meta":{"_et_pb_use_builder":"","_et_pb_old_content":"","_et_gb_content_width":"","iawp_total_views":22},"product_brand":[],"product_cat":[149,281],"product_tag":[288],"class_list":{"0":"post-2291","1":"product","2":"type-product","3":"status-publish","4":"has-post-thumbnail","6":"product_cat-velka-noc","7":"product_cat-vyrobky-z-dreva","8":"product_tag-zajacik-na-peniaze","9":"wcpa_has_options","11":"first","12":"instock","13":"purchasable","14":"product-type-simple"},"jetpack_sharing_enabled":true,"_links":{"self":[{"href":"https:\/\/www.3dprintrg.sk\/cz\/wp-json\/wp\/v2\/product\/2291","targetHints":{"allow":["GET"]}}],"collection":[{"href":"https:\/\/www.3dprintrg.sk\/cz\/wp-json\/wp\/v2\/product"}],"about":[{"href":"https:\/\/www.3dprintrg.sk\/cz\/wp-json\/wp\/v2\/types\/product"}],"replies":[{"embeddable":true,"href":"https:\/\/www.3dprintrg.sk\/cz\/wp-json\/wp\/v2\/comments?post=2291"}],"wp:featuredmedia":[{"embeddable":true,"href":"https:\/\/www.3dprintrg.sk\/cz\/wp-json\/wp\/v2\/media\/2292"}],"wp:attachment":[{"href":"https:\/\/www.3dprintrg.sk\/cz\/wp-json\/wp\/v2\/media?parent=2291"}],"wp:term":[{"taxonomy":"product_brand","embeddable":true,"href":"https:\/\/www.3dprintrg.sk\/cz\/wp-json\/wp\/v2\/product_brand?post=2291"},{"taxonomy":"product_cat","embeddable":true,"href":"https:\/\/www.3dprintrg.sk\/cz\/wp-json\/wp\/v2\/product_cat?post=2291"},{"taxonomy":"product_tag","embeddable":true,"href":"https:\/\/www.3dprintrg.sk\/cz\/wp-json\/wp\/v2\/product_tag?post=2291"}],"curies":[{"name":"wp","href":"https:\/\/api.w.org\/{rel}","templated":true}]}}