{"id":2295,"date":"2025-04-01T11:43:17","date_gmt":"2025-04-01T09:43:17","guid":{"rendered":"https:\/\/www.3dprintrg.sk\/?post_type=product&#038;p=2295"},"modified":"2025-09-12T10:56:24","modified_gmt":"2025-09-12T08:56:24","slug":"gravirovane-pero","status":"publish","type":"product","link":"https:\/\/www.3dprintrg.sk\/cz\/produkt\/gravirovane-pero\/","title":{"rendered":"Grav\u00edrovan\u00e9 pero"},"content":{"rendered":"<p>Bambusov\u00e9 grav\u00edrovan\u00e9 pero aj so stojanom<br \/>\nCena je za 1 ks pero<br \/>\nCena je za 1ks pero +stojan <\/p>","protected":false},"excerpt":{"rendered":"<p>Grav\u00edrovan\u00e9 pero moznos\u0165 aj stojan vygrav\u00edrova\u0165 textom na va\u0161e \u017eelanie, uvedte ho do pozn\u00e1mky.<\/p>","protected":false},"featured_media":2296,"comment_status":"open","ping_status":"closed","template":"","meta":{"_et_pb_use_builder":"","_et_pb_old_content":"","_et_gb_content_width":"","iawp_total_views":94},"product_brand":[],"product_cat":[281,294],"product_tag":[290,289],"class_list":{"0":"post-2295","1":"product","2":"type-product","3":"status-publish","4":"has-post-thumbnail","6":"product_cat-vyrobky-z-dreva","7":"product_cat-darceky-pre-pani-ucitelky","8":"product_tag-gravirovane-pero","9":"product_tag-pero","10":"wcpa_has_options","12":"first","13":"instock","14":"purchasable","15":"product-type-variable"},"jetpack_sharing_enabled":true,"_links":{"self":[{"href":"https:\/\/www.3dprintrg.sk\/cz\/wp-json\/wp\/v2\/product\/2295","targetHints":{"allow":["GET"]}}],"collection":[{"href":"https:\/\/www.3dprintrg.sk\/cz\/wp-json\/wp\/v2\/product"}],"about":[{"href":"https:\/\/www.3dprintrg.sk\/cz\/wp-json\/wp\/v2\/types\/product"}],"replies":[{"embeddable":true,"href":"https:\/\/www.3dprintrg.sk\/cz\/wp-json\/wp\/v2\/comments?post=2295"}],"wp:featuredmedia":[{"embeddable":true,"href":"https:\/\/www.3dprintrg.sk\/cz\/wp-json\/wp\/v2\/media\/2296"}],"wp:attachment":[{"href":"https:\/\/www.3dprintrg.sk\/cz\/wp-json\/wp\/v2\/media?parent=2295"}],"wp:term":[{"taxonomy":"product_brand","embeddable":true,"href":"https:\/\/www.3dprintrg.sk\/cz\/wp-json\/wp\/v2\/product_brand?post=2295"},{"taxonomy":"product_cat","embeddable":true,"href":"https:\/\/www.3dprintrg.sk\/cz\/wp-json\/wp\/v2\/product_cat?post=2295"},{"taxonomy":"product_tag","embeddable":true,"href":"https:\/\/www.3dprintrg.sk\/cz\/wp-json\/wp\/v2\/product_tag?post=2295"}],"curies":[{"name":"wp","href":"https:\/\/api.w.org\/{rel}","templated":true}]}}