{"id":2302,"date":"2025-04-02T21:09:32","date_gmt":"2025-04-02T19:09:32","guid":{"rendered":"https:\/\/www.3dprintrg.sk\/?post_type=product&#038;p=2302"},"modified":"2025-04-02T21:09:33","modified_gmt":"2025-04-02T19:09:33","slug":"svadobne-magnetky","status":"publish","type":"product","link":"https:\/\/www.3dprintrg.sk\/cz\/produkt\/svadobne-magnetky\/","title":{"rendered":"Svadobn\u00e9 magnetky"},"content":{"rendered":"<p>Svadobn\u00e9 dreven\u00e9 magnetky s\u00fa pekn\u00fdm dar\u010dekom pre svadobn\u00fdch host\u00ed ako pamiatka na Va\u0161u svadbi\u010dku.<br \/>\nRozmer 7cm<br \/>\nCena je za 1 ks magnetky.<br \/>\nNa va\u0161e prianie spravime r\u00f4zne mot\u00edvy sta\u010d\u00ed n\u00e1s vopred informova\u0165 mailom.<\/p>","protected":false},"excerpt":{"rendered":"<p>Svadobn\u00e9 dreven\u00e9 magnetky s\u00fa pekn\u00fdm dar\u010dekom pre svadobn\u00fdch host\u00ed ako pamiatka na Va\u0161u svadbi\u010dku.<br \/>\nRozmer 7cm<br \/>\nCena je za 1 ks magnetky.<br \/>\nNa va\u0161e prianie spravime r\u00f4zne mot\u00edvy sta\u010d\u00ed n\u00e1s vopred informova\u0165 mailom.<\/p>","protected":false},"featured_media":2303,"comment_status":"open","ping_status":"closed","template":"","meta":{"_et_pb_use_builder":"","_et_pb_old_content":"","_et_gb_content_width":"","iawp_total_views":11},"product_brand":[],"product_cat":[281,27],"product_tag":[292],"class_list":{"0":"post-2302","1":"product","2":"type-product","3":"status-publish","4":"has-post-thumbnail","6":"product_cat-vyrobky-z-dreva","7":"product_cat-svadobne-zapichy","8":"product_tag-svadobne-magnetky","9":"wcpa_has_options","11":"first","12":"instock","13":"purchasable","14":"product-type-simple"},"jetpack_sharing_enabled":true,"_links":{"self":[{"href":"https:\/\/www.3dprintrg.sk\/cz\/wp-json\/wp\/v2\/product\/2302","targetHints":{"allow":["GET"]}}],"collection":[{"href":"https:\/\/www.3dprintrg.sk\/cz\/wp-json\/wp\/v2\/product"}],"about":[{"href":"https:\/\/www.3dprintrg.sk\/cz\/wp-json\/wp\/v2\/types\/product"}],"replies":[{"embeddable":true,"href":"https:\/\/www.3dprintrg.sk\/cz\/wp-json\/wp\/v2\/comments?post=2302"}],"wp:featuredmedia":[{"embeddable":true,"href":"https:\/\/www.3dprintrg.sk\/cz\/wp-json\/wp\/v2\/media\/2303"}],"wp:attachment":[{"href":"https:\/\/www.3dprintrg.sk\/cz\/wp-json\/wp\/v2\/media?parent=2302"}],"wp:term":[{"taxonomy":"product_brand","embeddable":true,"href":"https:\/\/www.3dprintrg.sk\/cz\/wp-json\/wp\/v2\/product_brand?post=2302"},{"taxonomy":"product_cat","embeddable":true,"href":"https:\/\/www.3dprintrg.sk\/cz\/wp-json\/wp\/v2\/product_cat?post=2302"},{"taxonomy":"product_tag","embeddable":true,"href":"https:\/\/www.3dprintrg.sk\/cz\/wp-json\/wp\/v2\/product_tag?post=2302"}],"curies":[{"name":"wp","href":"https:\/\/api.w.org\/{rel}","templated":true}]}}