{"id":2309,"date":"2025-04-04T09:07:44","date_gmt":"2025-04-04T07:07:44","guid":{"rendered":"https:\/\/www.3dprintrg.sk\/?post_type=product&#038;p=2309"},"modified":"2025-04-04T09:07:44","modified_gmt":"2025-04-04T07:07:44","slug":"zajacik-na-kinder-tycinku","status":"publish","type":"product","link":"https:\/\/www.3dprintrg.sk\/cz\/produkt\/zajacik-na-kinder-tycinku\/","title":{"rendered":"Zaja\u010dik na kinder ty\u010dinku"},"content":{"rendered":"<p>Zaja\u010dik na ve\u013ek\u00fa kinder \u010dokol\u00e1dov\u00fa ty\u010dinku, skvel\u00fd dar\u010dek pre mal\u00fdch \u0161iba\u010dn\u00edkov.<br \/>\nDo pozn\u00e1mky si uvedte ak chcete in\u00fa farbu ako je na v\u00fdber. <\/p>","protected":false},"excerpt":{"rendered":"<p>Zaja\u010dik na ve\u013ek\u00fa kinder \u010dokol\u00e1dov\u00fa ty\u010dinku, skvel\u00fd dar\u010dek pre mal\u00fdch \u0161iba\u010dn\u00edkov.<br \/>\nDo pozn\u00e1mky si uvedte ak chcete in\u00fa farbu ako je na v\u00fdber. <\/p>","protected":false},"featured_media":2317,"comment_status":"open","ping_status":"closed","template":"","meta":{"_et_pb_use_builder":"","_et_pb_old_content":"","_et_gb_content_width":"","iawp_total_views":36},"product_brand":[],"product_cat":[149],"product_tag":[],"class_list":{"0":"post-2309","1":"product","2":"type-product","3":"status-publish","4":"has-post-thumbnail","6":"product_cat-velka-noc","7":"wcpa_has_options","9":"first","10":"instock","11":"purchasable","12":"product-type-variable"},"jetpack_sharing_enabled":true,"_links":{"self":[{"href":"https:\/\/www.3dprintrg.sk\/cz\/wp-json\/wp\/v2\/product\/2309","targetHints":{"allow":["GET"]}}],"collection":[{"href":"https:\/\/www.3dprintrg.sk\/cz\/wp-json\/wp\/v2\/product"}],"about":[{"href":"https:\/\/www.3dprintrg.sk\/cz\/wp-json\/wp\/v2\/types\/product"}],"replies":[{"embeddable":true,"href":"https:\/\/www.3dprintrg.sk\/cz\/wp-json\/wp\/v2\/comments?post=2309"}],"wp:featuredmedia":[{"embeddable":true,"href":"https:\/\/www.3dprintrg.sk\/cz\/wp-json\/wp\/v2\/media\/2317"}],"wp:attachment":[{"href":"https:\/\/www.3dprintrg.sk\/cz\/wp-json\/wp\/v2\/media?parent=2309"}],"wp:term":[{"taxonomy":"product_brand","embeddable":true,"href":"https:\/\/www.3dprintrg.sk\/cz\/wp-json\/wp\/v2\/product_brand?post=2309"},{"taxonomy":"product_cat","embeddable":true,"href":"https:\/\/www.3dprintrg.sk\/cz\/wp-json\/wp\/v2\/product_cat?post=2309"},{"taxonomy":"product_tag","embeddable":true,"href":"https:\/\/www.3dprintrg.sk\/cz\/wp-json\/wp\/v2\/product_tag?post=2309"}],"curies":[{"name":"wp","href":"https:\/\/api.w.org\/{rel}","templated":true}]}}