{"id":2318,"date":"2025-04-04T09:14:06","date_gmt":"2025-04-04T07:14:06","guid":{"rendered":"https:\/\/www.3dprintrg.sk\/?post_type=product&#038;p=2318"},"modified":"2025-04-04T09:14:06","modified_gmt":"2025-04-04T07:14:06","slug":"dreveny-svadobny-zapich","status":"publish","type":"product","link":"https:\/\/www.3dprintrg.sk\/cz\/produkt\/dreveny-svadobny-zapich\/","title":{"rendered":"Dreven\u00fd svadobn\u00fd z\u00e1pich"},"content":{"rendered":"<p>Dreven\u00fd laserom vyrez\u00e1van\u00fd svadobn\u00fd z\u00e1pich s inici\u00e1lami<br \/>\nRozmer 17 cm<br \/>\nDo pozn\u00e1mky uvedte inici\u00e1ly.<\/p>","protected":false},"excerpt":{"rendered":"<p>Dreven\u00fd laserom vyrez\u00e1van\u00fd svadobn\u00fd z\u00e1pich s inici\u00e1lami<br \/>\nRozmer 17 cm<br \/>\nDo pozn\u00e1mky uvedte inici\u00e1ly.<\/p>","protected":false},"featured_media":2319,"comment_status":"open","ping_status":"closed","template":"","meta":{"_et_pb_use_builder":"","_et_pb_old_content":"","_et_gb_content_width":"","iawp_total_views":9},"product_brand":[],"product_cat":[281,27],"product_tag":[82,83],"class_list":{"0":"post-2318","1":"product","2":"type-product","3":"status-publish","4":"has-post-thumbnail","6":"product_cat-vyrobky-z-dreva","7":"product_cat-svadobne-zapichy","8":"product_tag-svadobny-zapich","9":"product_tag-zapich-na-tortu","10":"wcpa_has_options","12":"first","13":"instock","14":"purchasable","15":"product-type-simple"},"jetpack_sharing_enabled":true,"_links":{"self":[{"href":"https:\/\/www.3dprintrg.sk\/cz\/wp-json\/wp\/v2\/product\/2318","targetHints":{"allow":["GET"]}}],"collection":[{"href":"https:\/\/www.3dprintrg.sk\/cz\/wp-json\/wp\/v2\/product"}],"about":[{"href":"https:\/\/www.3dprintrg.sk\/cz\/wp-json\/wp\/v2\/types\/product"}],"replies":[{"embeddable":true,"href":"https:\/\/www.3dprintrg.sk\/cz\/wp-json\/wp\/v2\/comments?post=2318"}],"wp:featuredmedia":[{"embeddable":true,"href":"https:\/\/www.3dprintrg.sk\/cz\/wp-json\/wp\/v2\/media\/2319"}],"wp:attachment":[{"href":"https:\/\/www.3dprintrg.sk\/cz\/wp-json\/wp\/v2\/media?parent=2318"}],"wp:term":[{"taxonomy":"product_brand","embeddable":true,"href":"https:\/\/www.3dprintrg.sk\/cz\/wp-json\/wp\/v2\/product_brand?post=2318"},{"taxonomy":"product_cat","embeddable":true,"href":"https:\/\/www.3dprintrg.sk\/cz\/wp-json\/wp\/v2\/product_cat?post=2318"},{"taxonomy":"product_tag","embeddable":true,"href":"https:\/\/www.3dprintrg.sk\/cz\/wp-json\/wp\/v2\/product_tag?post=2318"}],"curies":[{"name":"wp","href":"https:\/\/api.w.org\/{rel}","templated":true}]}}