{"id":2321,"date":"2025-04-04T09:19:13","date_gmt":"2025-04-04T07:19:13","guid":{"rendered":"https:\/\/www.3dprintrg.sk\/?post_type=product&#038;p=2321"},"modified":"2025-04-04T09:19:13","modified_gmt":"2025-04-04T07:19:13","slug":"zapich-na-prijimanie","status":"publish","type":"product","link":"https:\/\/www.3dprintrg.sk\/cz\/produkt\/zapich-na-prijimanie\/","title":{"rendered":"Z\u00e1pich na prij\u00edmanie"},"content":{"rendered":"<p>Kruhov\u00fd dreven\u00fd z\u00e1pich na prij\u00edmanie<br \/>\nRozmer 15 cm <\/p>","protected":false},"excerpt":{"rendered":"<p>Dreven\u00fd kruhov\u00fd z\u00e1pich na prij\u00edmanie laserom vyrez\u00e1van\u00fd <\/p>","protected":false},"featured_media":2322,"comment_status":"open","ping_status":"closed","template":"","meta":{"_et_pb_use_builder":"","_et_pb_old_content":"","_et_gb_content_width":"","iawp_total_views":22},"product_brand":[],"product_cat":[281,24,49],"product_tag":[81,143],"class_list":{"0":"post-2321","1":"product","2":"type-product","3":"status-publish","4":"has-post-thumbnail","6":"product_cat-vyrobky-z-dreva","7":"product_cat-cirkevne-zapichy","8":"product_cat-prijimanie","9":"product_tag-zapich","10":"product_tag-zapich-na-prijimanie","12":"first","13":"instock","14":"purchasable","15":"product-type-simple"},"jetpack_sharing_enabled":true,"_links":{"self":[{"href":"https:\/\/www.3dprintrg.sk\/cz\/wp-json\/wp\/v2\/product\/2321","targetHints":{"allow":["GET"]}}],"collection":[{"href":"https:\/\/www.3dprintrg.sk\/cz\/wp-json\/wp\/v2\/product"}],"about":[{"href":"https:\/\/www.3dprintrg.sk\/cz\/wp-json\/wp\/v2\/types\/product"}],"replies":[{"embeddable":true,"href":"https:\/\/www.3dprintrg.sk\/cz\/wp-json\/wp\/v2\/comments?post=2321"}],"wp:featuredmedia":[{"embeddable":true,"href":"https:\/\/www.3dprintrg.sk\/cz\/wp-json\/wp\/v2\/media\/2322"}],"wp:attachment":[{"href":"https:\/\/www.3dprintrg.sk\/cz\/wp-json\/wp\/v2\/media?parent=2321"}],"wp:term":[{"taxonomy":"product_brand","embeddable":true,"href":"https:\/\/www.3dprintrg.sk\/cz\/wp-json\/wp\/v2\/product_brand?post=2321"},{"taxonomy":"product_cat","embeddable":true,"href":"https:\/\/www.3dprintrg.sk\/cz\/wp-json\/wp\/v2\/product_cat?post=2321"},{"taxonomy":"product_tag","embeddable":true,"href":"https:\/\/www.3dprintrg.sk\/cz\/wp-json\/wp\/v2\/product_tag?post=2321"}],"curies":[{"name":"wp","href":"https:\/\/api.w.org\/{rel}","templated":true}]}}