{"id":2330,"date":"2025-04-08T10:07:04","date_gmt":"2025-04-08T08:07:04","guid":{"rendered":"https:\/\/www.3dprintrg.sk\/?post_type=product&#038;p=2330"},"modified":"2025-04-08T10:07:04","modified_gmt":"2025-04-08T08:07:04","slug":"svadobne-vesiaky","status":"publish","type":"product","link":"https:\/\/www.3dprintrg.sk\/cz\/produkt\/svadobne-vesiaky\/","title":{"rendered":"Svadobn\u00e9 ve\u0161iaky"},"content":{"rendered":"<p>Svadobn\u00e9 biele grav\u00edrovane ve\u0161iaky pre nevestu a \u017een\u00edcha<br \/>\nCena je za 2 ks teda p\u00e1r.<br \/>\nMo\u017enos\u0165 vygrav\u00edrova\u0165 aj mena a d\u00e1tumy va\u0161ej svadby.<br \/>\nPri objedn\u00e1vke uvedte ak chcete aj meno a d\u00e1tum svadby. <\/p>","protected":false},"excerpt":{"rendered":"<p>Svadobn\u00e9 biele grav\u00edrovane ve\u0161iaky pre nevestu a \u017een\u00edcha<br \/>\nCena je za 2 ks teda p\u00e1r.<br \/>\nMo\u017enos\u0165 vygrav\u00edrova\u0165 aj mena a d\u00e1tumy va\u0161ej svadby. <\/p>","protected":false},"featured_media":2331,"comment_status":"open","ping_status":"closed","template":"","meta":{"_et_pb_use_builder":"","_et_pb_old_content":"","_et_gb_content_width":"","iawp_total_views":23},"product_brand":[],"product_cat":[281,27],"product_tag":[293],"class_list":{"0":"post-2330","1":"product","2":"type-product","3":"status-publish","4":"has-post-thumbnail","6":"product_cat-vyrobky-z-dreva","7":"product_cat-svadobne-zapichy","8":"product_tag-svadobne-vesiaky","9":"wcpa_has_options","11":"first","12":"instock","13":"sale","14":"purchasable","15":"product-type-simple"},"jetpack_sharing_enabled":true,"_links":{"self":[{"href":"https:\/\/www.3dprintrg.sk\/cz\/wp-json\/wp\/v2\/product\/2330","targetHints":{"allow":["GET"]}}],"collection":[{"href":"https:\/\/www.3dprintrg.sk\/cz\/wp-json\/wp\/v2\/product"}],"about":[{"href":"https:\/\/www.3dprintrg.sk\/cz\/wp-json\/wp\/v2\/types\/product"}],"replies":[{"embeddable":true,"href":"https:\/\/www.3dprintrg.sk\/cz\/wp-json\/wp\/v2\/comments?post=2330"}],"wp:featuredmedia":[{"embeddable":true,"href":"https:\/\/www.3dprintrg.sk\/cz\/wp-json\/wp\/v2\/media\/2331"}],"wp:attachment":[{"href":"https:\/\/www.3dprintrg.sk\/cz\/wp-json\/wp\/v2\/media?parent=2330"}],"wp:term":[{"taxonomy":"product_brand","embeddable":true,"href":"https:\/\/www.3dprintrg.sk\/cz\/wp-json\/wp\/v2\/product_brand?post=2330"},{"taxonomy":"product_cat","embeddable":true,"href":"https:\/\/www.3dprintrg.sk\/cz\/wp-json\/wp\/v2\/product_cat?post=2330"},{"taxonomy":"product_tag","embeddable":true,"href":"https:\/\/www.3dprintrg.sk\/cz\/wp-json\/wp\/v2\/product_tag?post=2330"}],"curies":[{"name":"wp","href":"https:\/\/api.w.org\/{rel}","templated":true}]}}