{"id":2333,"date":"2025-04-08T13:34:24","date_gmt":"2025-04-08T11:34:24","guid":{"rendered":"https:\/\/www.3dprintrg.sk\/?post_type=product&#038;p=2333"},"modified":"2025-04-08T13:34:24","modified_gmt":"2025-04-08T11:34:24","slug":"gravirovane-pero-pre-pani-ucitelku","status":"publish","type":"product","link":"https:\/\/www.3dprintrg.sk\/cz\/produkt\/gravirovane-pero-pre-pani-ucitelku\/","title":{"rendered":"Grav\u00edrovan\u00e9 pero pre pani u\u010dite\u013eku"},"content":{"rendered":"<p>Grav\u00edrovan\u00e9 pero pre u\u010dite\u013ea, u\u010dite\u013eku \u010di vychov\u00e1vate\u013eku na drevenej tabu\u013eke s textom pod\u013ea \u017eelania. Karti\u010dka po odobrat\u00ed pera posl\u00fa\u017ei ako dreven\u00e1 z\u00e1lo\u017eka do knihy. <\/p>\n<p>Bambusov\u00e9 pero s grav\u00edrovan\u00edm na drevenej karte je ide\u00e1lnym dar\u010dekom pre u\u010dite\u013eky, u\u010dite\u013eov, vychov\u00e1vate\u013eky, asistentov&#8230; Kr\u00e1tky text na pero aj karti\u010dku vygrav\u00edrujeme pod\u013ea Va\u0161ich predst\u00e1v. Po odobrat\u00ed pera posl\u00fa\u017ei dreven\u00e1 karti\u010dka ako dreven\u00e1 z\u00e1lo\u017eka do knihy. Tak\u017ee m\u00e1te rovno dar\u010dek 2v1 a to v\u0161etko s textom na mieru<\/p>","protected":false},"excerpt":{"rendered":"<p>Grav\u00edrovan\u00e9 pero pre u\u010dite\u013ea, u\u010dite\u013eku \u010di vychov\u00e1vate\u013eku na drevenej tabu\u013eke s textom pod\u013ea \u017eelania. Karti\u010dka po odobrat\u00ed pera posl\u00fa\u017ei ako dreven\u00e1 z\u00e1lo\u017eka do knihy. <\/p>\n<p>Bambusov\u00e9 pero s grav\u00edrovan\u00edm na drevenej karte je ide\u00e1lnym dar\u010dekom pre u\u010dite\u013eky, u\u010dite\u013eov, vychov\u00e1vate\u013eky, asistentov&#8230; Kr\u00e1tky text na pero aj karti\u010dku vygrav\u00edrujeme pod\u013ea Va\u0161ich predst\u00e1v. Po odobrat\u00ed pera posl\u00fa\u017ei dreven\u00e1 karti\u010dka ako dreven\u00e1 z\u00e1lo\u017eka do knihy. Tak\u017ee m\u00e1te rovno dar\u010dek 2v1 a to v\u0161etko s textom na mieru<\/p>","protected":false},"featured_media":2334,"comment_status":"open","ping_status":"closed","template":"","meta":{"_et_pb_use_builder":"","_et_pb_old_content":"","_et_gb_content_width":"","iawp_total_views":52},"product_brand":[],"product_cat":[294],"product_tag":[290],"class_list":{"0":"post-2333","1":"product","2":"type-product","3":"status-publish","4":"has-post-thumbnail","6":"product_cat-darceky-pre-pani-ucitelky","7":"product_tag-gravirovane-pero","8":"wcpa_has_options","10":"first","11":"instock","12":"sale","13":"purchasable","14":"product-type-simple"},"jetpack_sharing_enabled":true,"_links":{"self":[{"href":"https:\/\/www.3dprintrg.sk\/cz\/wp-json\/wp\/v2\/product\/2333","targetHints":{"allow":["GET"]}}],"collection":[{"href":"https:\/\/www.3dprintrg.sk\/cz\/wp-json\/wp\/v2\/product"}],"about":[{"href":"https:\/\/www.3dprintrg.sk\/cz\/wp-json\/wp\/v2\/types\/product"}],"replies":[{"embeddable":true,"href":"https:\/\/www.3dprintrg.sk\/cz\/wp-json\/wp\/v2\/comments?post=2333"}],"wp:featuredmedia":[{"embeddable":true,"href":"https:\/\/www.3dprintrg.sk\/cz\/wp-json\/wp\/v2\/media\/2334"}],"wp:attachment":[{"href":"https:\/\/www.3dprintrg.sk\/cz\/wp-json\/wp\/v2\/media?parent=2333"}],"wp:term":[{"taxonomy":"product_brand","embeddable":true,"href":"https:\/\/www.3dprintrg.sk\/cz\/wp-json\/wp\/v2\/product_brand?post=2333"},{"taxonomy":"product_cat","embeddable":true,"href":"https:\/\/www.3dprintrg.sk\/cz\/wp-json\/wp\/v2\/product_cat?post=2333"},{"taxonomy":"product_tag","embeddable":true,"href":"https:\/\/www.3dprintrg.sk\/cz\/wp-json\/wp\/v2\/product_tag?post=2333"}],"curies":[{"name":"wp","href":"https:\/\/api.w.org\/{rel}","templated":true}]}}