{"id":2346,"date":"2025-04-10T08:30:01","date_gmt":"2025-04-10T06:30:01","guid":{"rendered":"https:\/\/www.3dprintrg.sk\/?post_type=product&#038;p=2346"},"modified":"2025-04-10T08:30:01","modified_gmt":"2025-04-10T06:30:01","slug":"vynilova-nalepka-meno","status":"publish","type":"product","link":"https:\/\/www.3dprintrg.sk\/cz\/produkt\/vynilova-nalepka-meno\/","title":{"rendered":"Vynilov\u00e1 n\u00e1lepka meno"},"content":{"rendered":"<p>Vynilov\u00e1 n\u00e1lepka na auto<br \/>\nAk je aplikovan\u00fd povrch \u010dierny, odpor\u00fa\u010dame zak\u00fapi\u0165 n\u00e1lepku v bielej farbe, ak je povrch biely, odpor\u00fa\u010dame zak\u00fapi\u0165 n\u00e1lepku v \u010diernej farbe.<br \/>\nN\u00e1lepky s\u00fa dod\u00e1van\u00e9 s prenosovou f\u00f3liou pre ve\u013emi jednoduch\u00fa in\u0161tal\u00e1ciu.<br \/>\nPred mont\u00e1\u017eou sa uistite, \u017ee ste miesto, kde bude n\u00e1lepka nalepen\u00e1, d\u00f4kladne vy\u010distili.<\/p>\n<p>D\u013a\u017eka mena je 15 cm <\/p>","protected":false},"excerpt":{"rendered":"<p>Vynilov\u00e1 n\u00e1lepka na auto, bycikel, f\u013ea\u0161u&#8230;<br \/>\nD\u013a\u017eka mena je 15 cm<br \/>\n-do pozn\u00e1mky uvedte meno ktor\u00e9 si \u017eel\u00e1te.<\/p>","protected":false},"featured_media":2347,"comment_status":"open","ping_status":"closed","template":"","meta":{"_et_pb_use_builder":"","_et_pb_old_content":"","_et_gb_content_width":"","iawp_total_views":55},"product_brand":[],"product_cat":[43,30],"product_tag":[298],"class_list":{"0":"post-2346","1":"product","2":"type-product","3":"status-publish","4":"has-post-thumbnail","6":"product_cat-na-auto","7":"product_cat-nalepky","8":"product_tag-nalepka-meno","9":"wcpa_has_options","11":"first","12":"instock","13":"purchasable","14":"product-type-variable"},"jetpack_sharing_enabled":true,"_links":{"self":[{"href":"https:\/\/www.3dprintrg.sk\/cz\/wp-json\/wp\/v2\/product\/2346","targetHints":{"allow":["GET"]}}],"collection":[{"href":"https:\/\/www.3dprintrg.sk\/cz\/wp-json\/wp\/v2\/product"}],"about":[{"href":"https:\/\/www.3dprintrg.sk\/cz\/wp-json\/wp\/v2\/types\/product"}],"replies":[{"embeddable":true,"href":"https:\/\/www.3dprintrg.sk\/cz\/wp-json\/wp\/v2\/comments?post=2346"}],"wp:featuredmedia":[{"embeddable":true,"href":"https:\/\/www.3dprintrg.sk\/cz\/wp-json\/wp\/v2\/media\/2347"}],"wp:attachment":[{"href":"https:\/\/www.3dprintrg.sk\/cz\/wp-json\/wp\/v2\/media?parent=2346"}],"wp:term":[{"taxonomy":"product_brand","embeddable":true,"href":"https:\/\/www.3dprintrg.sk\/cz\/wp-json\/wp\/v2\/product_brand?post=2346"},{"taxonomy":"product_cat","embeddable":true,"href":"https:\/\/www.3dprintrg.sk\/cz\/wp-json\/wp\/v2\/product_cat?post=2346"},{"taxonomy":"product_tag","embeddable":true,"href":"https:\/\/www.3dprintrg.sk\/cz\/wp-json\/wp\/v2\/product_tag?post=2346"}],"curies":[{"name":"wp","href":"https:\/\/api.w.org\/{rel}","templated":true}]}}