{"id":2360,"date":"2025-04-10T16:18:37","date_gmt":"2025-04-10T14:18:37","guid":{"rendered":"https:\/\/www.3dprintrg.sk\/?post_type=product&#038;p=2360"},"modified":"2025-04-10T16:18:38","modified_gmt":"2025-04-10T14:18:38","slug":"naznacovac-na-rezy-obdlznik-70x30mm","status":"publish","type":"product","link":"https:\/\/www.3dprintrg.sk\/cz\/produkt\/naznacovac-na-rezy-obdlznik-70x30mm\/","title":{"rendered":"Nazna\u010dova\u010d na rezy obdl\u017enik 70x30mm"},"content":{"rendered":"<p>Plastov\u00fd nazna\u010dova\u010d na rezy v tvare obd\u013a\u017enika s rozmerom 70 x 30mm.  V\u00fdrobok pred pou\u017eit\u00edm opl\u00e1chnite vla\u017enou vodou, produkt nie je vhodn\u00fd do um\u00fdva\u010dky riadu a nevystavujte teplot\u00e1m nad 45 stup\u0148ov celzia. Dekor\u00e1cia je vyroben\u00e1 z plastu technol\u00f3giou 3D tla\u010de.<\/p>","protected":false},"excerpt":{"rendered":"<p>Plastov\u00fd nazna\u010dova\u010d na rezy v tvare obd\u013a\u017enika s rozmerom 70 x 30mm.  V\u00fdrobok pred pou\u017eit\u00edm opl\u00e1chnite vla\u017enou vodou, produkt nie je vhodn\u00fd do um\u00fdva\u010dky riadu a nevystavujte teplot\u00e1m nad 45 stup\u0148ov celzia. Dekor\u00e1cia je vyroben\u00e1 z plastu technol\u00f3giou 3D tla\u010de.<\/p>","protected":false},"featured_media":2361,"comment_status":"open","ping_status":"closed","template":"","meta":{"_et_pb_use_builder":"","_et_pb_old_content":"","_et_gb_content_width":"","iawp_total_views":55},"product_brand":[],"product_cat":[33],"product_tag":[208,300],"class_list":{"0":"post-2360","1":"product","2":"type-product","3":"status-publish","4":"has-post-thumbnail","6":"product_cat-naznacovac-na-zakusky","7":"product_tag-naznacovac-na-zakusky","8":"product_tag-naznacovac-rezov","10":"first","11":"instock","12":"purchasable","13":"product-type-simple"},"jetpack_sharing_enabled":true,"_links":{"self":[{"href":"https:\/\/www.3dprintrg.sk\/cz\/wp-json\/wp\/v2\/product\/2360","targetHints":{"allow":["GET"]}}],"collection":[{"href":"https:\/\/www.3dprintrg.sk\/cz\/wp-json\/wp\/v2\/product"}],"about":[{"href":"https:\/\/www.3dprintrg.sk\/cz\/wp-json\/wp\/v2\/types\/product"}],"replies":[{"embeddable":true,"href":"https:\/\/www.3dprintrg.sk\/cz\/wp-json\/wp\/v2\/comments?post=2360"}],"wp:featuredmedia":[{"embeddable":true,"href":"https:\/\/www.3dprintrg.sk\/cz\/wp-json\/wp\/v2\/media\/2361"}],"wp:attachment":[{"href":"https:\/\/www.3dprintrg.sk\/cz\/wp-json\/wp\/v2\/media?parent=2360"}],"wp:term":[{"taxonomy":"product_brand","embeddable":true,"href":"https:\/\/www.3dprintrg.sk\/cz\/wp-json\/wp\/v2\/product_brand?post=2360"},{"taxonomy":"product_cat","embeddable":true,"href":"https:\/\/www.3dprintrg.sk\/cz\/wp-json\/wp\/v2\/product_cat?post=2360"},{"taxonomy":"product_tag","embeddable":true,"href":"https:\/\/www.3dprintrg.sk\/cz\/wp-json\/wp\/v2\/product_tag?post=2360"}],"curies":[{"name":"wp","href":"https:\/\/api.w.org\/{rel}","templated":true}]}}