{"id":2371,"date":"2025-04-14T08:12:12","date_gmt":"2025-04-14T06:12:12","guid":{"rendered":"https:\/\/www.3dprintrg.sk\/?post_type=product&#038;p=2371"},"modified":"2025-04-14T08:12:12","modified_gmt":"2025-04-14T06:12:12","slug":"cerveny-naramok","status":"publish","type":"product","link":"https:\/\/www.3dprintrg.sk\/cz\/produkt\/cerveny-naramok\/","title":{"rendered":"\u010cerven\u00fd n\u00e1ramok"},"content":{"rendered":"<p>Je vytvoren\u00fd zo sat\u00e9novej \u0161n\u00farky, ve\u013ekos\u0165 je mierne nastavite\u013en\u00e1.<\/p>\n<p>Shamballa n\u00e1ramky s\u00fa st\u00e1le s\u00fa\u010dasn\u00fdm trendom, s\u00fa symbolom l\u00e1sky, slobody a \u0161\u0165astia. Predstavuj\u00fa n\u00e1\u0161 spiritu\u00e1lny svet a snahu duchovne r\u00e1s\u0165. Maj\u00fa n\u00e1m pripom\u00edna\u0165, aby sme mali otvoren\u00fa myse\u013e a nechali ju rozkvita\u0165. Pod\u013ea legendy n\u00e1ramok Shamballa ovplyv\u0148uje Dharma \u010dakru, ktor\u00e1 je v srdci v\u0161etk\u00fdch \u013eud\u00ed a symbolizuje myse\u013e, dokon\u010denie trojice tela, re\u010di a mysle a navodzuje du\u0161evn\u00fa pohodu. Jeho nosenie prin\u00e1\u0161a majite\u013eovi pohodu a pokoj a tak sa st\u00e1va funk\u010dn\u00fdm doplnkom a prejavom \u017eivotnej filozofie.<\/p>\n<p>\u010cerven\u00e9 n\u00e1ramky sa pou\u017e\u00edvaj\u00fa aj ako ochrann\u00e9 &#8211; proti urieknutiu.<\/p>\n<p>Cena je za 1 kus.<\/p>","protected":false},"excerpt":{"rendered":"<p>Je vytvoren\u00fd zo sat\u00e9novej \u0161n\u00farky, ve\u013ekos\u0165 je mierne nastavite\u013en\u00e1.<\/p>\n<p>Shamballa n\u00e1ramky s\u00fa st\u00e1le s\u00fa\u010dasn\u00fdm trendom, s\u00fa symbolom l\u00e1sky, slobody a \u0161\u0165astia. Predstavuj\u00fa n\u00e1\u0161 spiritu\u00e1lny svet a snahu duchovne r\u00e1s\u0165. Maj\u00fa n\u00e1m pripom\u00edna\u0165, aby sme mali otvoren\u00fa myse\u013e a nechali ju rozkvita\u0165. Pod\u013ea legendy n\u00e1ramok Shamballa ovplyv\u0148uje Dharma \u010dakru, ktor\u00e1 je v srdci v\u0161etk\u00fdch \u013eud\u00ed a symbolizuje myse\u013e, dokon\u010denie trojice tela, re\u010di a mysle a navodzuje du\u0161evn\u00fa pohodu. Jeho nosenie prin\u00e1\u0161a majite\u013eovi pohodu a pokoj a tak sa st\u00e1va funk\u010dn\u00fdm doplnkom a prejavom \u017eivotnej filozofie.<\/p>\n<p>\u010cerven\u00e9 n\u00e1ramky sa pou\u017e\u00edvaj\u00fa aj ako ochrann\u00e9 &#8211; proti urieknutiu.<\/p>","protected":false},"featured_media":2372,"comment_status":"open","ping_status":"closed","template":"","meta":{"_et_pb_use_builder":"","_et_pb_old_content":"","_et_gb_content_width":"","iawp_total_views":23},"product_brand":[],"product_cat":[302],"product_tag":[303],"class_list":{"0":"post-2371","1":"product","2":"type-product","3":"status-publish","4":"has-post-thumbnail","6":"product_cat-cerveny-naramok","7":"product_tag-cerveny-naramok","9":"first","10":"instock","11":"purchasable","12":"product-type-variable"},"jetpack_sharing_enabled":true,"_links":{"self":[{"href":"https:\/\/www.3dprintrg.sk\/cz\/wp-json\/wp\/v2\/product\/2371","targetHints":{"allow":["GET"]}}],"collection":[{"href":"https:\/\/www.3dprintrg.sk\/cz\/wp-json\/wp\/v2\/product"}],"about":[{"href":"https:\/\/www.3dprintrg.sk\/cz\/wp-json\/wp\/v2\/types\/product"}],"replies":[{"embeddable":true,"href":"https:\/\/www.3dprintrg.sk\/cz\/wp-json\/wp\/v2\/comments?post=2371"}],"wp:featuredmedia":[{"embeddable":true,"href":"https:\/\/www.3dprintrg.sk\/cz\/wp-json\/wp\/v2\/media\/2372"}],"wp:attachment":[{"href":"https:\/\/www.3dprintrg.sk\/cz\/wp-json\/wp\/v2\/media?parent=2371"}],"wp:term":[{"taxonomy":"product_brand","embeddable":true,"href":"https:\/\/www.3dprintrg.sk\/cz\/wp-json\/wp\/v2\/product_brand?post=2371"},{"taxonomy":"product_cat","embeddable":true,"href":"https:\/\/www.3dprintrg.sk\/cz\/wp-json\/wp\/v2\/product_cat?post=2371"},{"taxonomy":"product_tag","embeddable":true,"href":"https:\/\/www.3dprintrg.sk\/cz\/wp-json\/wp\/v2\/product_tag?post=2371"}],"curies":[{"name":"wp","href":"https:\/\/api.w.org\/{rel}","templated":true}]}}