{"id":2387,"date":"2025-04-15T18:50:16","date_gmt":"2025-04-15T16:50:16","guid":{"rendered":"https:\/\/www.3dprintrg.sk\/?post_type=product&#038;p=2387"},"modified":"2025-04-16T08:21:59","modified_gmt":"2025-04-16T06:21:59","slug":"vysvedcenie-pre-pani-ucitelku","status":"publish","type":"product","link":"https:\/\/www.3dprintrg.sk\/cz\/produkt\/vysvedcenie-pre-pani-ucitelku\/","title":{"rendered":"Vysved\u010denie pre pani u\u010dite\u013eku"},"content":{"rendered":"<p>Dreven\u00e1 grav\u00edrovan\u00e1 tabu\u013eka vhodn\u00e1 ako mal\u00e1 pozornos\u0165 pre pani u\u010dite\u013eku na koniec \u0161kolsk\u00e9ho roka<br \/>\nDa sa na \u017eelanie vygrav\u00edrova\u0165 aj meno u\u010dite\u013eky a \u017eiaka \u010di \u017eia\u010dky (uvedte do pozn\u00e1mky)<br \/>\nRozmer 15x10cm <\/p>","protected":false},"excerpt":{"rendered":"<p>Dreven\u00e1 grav\u00edrovan\u00e1 tabu\u013eka vhodn\u00e1 ako mal\u00e1 pozornos\u0165 pre pani u\u010dite\u013eku na koniec \u0161kolsk\u00e9ho roka<br \/>\nDa sa na \u017eelanie vygrav\u00edrova\u0165 aj meno u\u010dite\u013eky a \u017eiaka \u010di \u017eia\u010dky (uvedte do pozn\u00e1mky)<\/p>","protected":false},"featured_media":2389,"comment_status":"open","ping_status":"closed","template":"","meta":{"_et_pb_use_builder":"","_et_pb_old_content":"","_et_gb_content_width":"","iawp_total_views":42},"product_brand":[],"product_cat":[281,294],"product_tag":[309,310],"class_list":{"0":"post-2387","1":"product","2":"type-product","3":"status-publish","4":"has-post-thumbnail","6":"product_cat-vyrobky-z-dreva","7":"product_cat-darceky-pre-pani-ucitelky","8":"product_tag-vysvedcenie","9":"product_tag-vysvedcenie-pre-pani-ucitelku","10":"wcpa_has_options","12":"first","13":"instock","14":"sale","15":"purchasable","16":"product-type-simple"},"jetpack_sharing_enabled":true,"_links":{"self":[{"href":"https:\/\/www.3dprintrg.sk\/cz\/wp-json\/wp\/v2\/product\/2387","targetHints":{"allow":["GET"]}}],"collection":[{"href":"https:\/\/www.3dprintrg.sk\/cz\/wp-json\/wp\/v2\/product"}],"about":[{"href":"https:\/\/www.3dprintrg.sk\/cz\/wp-json\/wp\/v2\/types\/product"}],"replies":[{"embeddable":true,"href":"https:\/\/www.3dprintrg.sk\/cz\/wp-json\/wp\/v2\/comments?post=2387"}],"wp:featuredmedia":[{"embeddable":true,"href":"https:\/\/www.3dprintrg.sk\/cz\/wp-json\/wp\/v2\/media\/2389"}],"wp:attachment":[{"href":"https:\/\/www.3dprintrg.sk\/cz\/wp-json\/wp\/v2\/media?parent=2387"}],"wp:term":[{"taxonomy":"product_brand","embeddable":true,"href":"https:\/\/www.3dprintrg.sk\/cz\/wp-json\/wp\/v2\/product_brand?post=2387"},{"taxonomy":"product_cat","embeddable":true,"href":"https:\/\/www.3dprintrg.sk\/cz\/wp-json\/wp\/v2\/product_cat?post=2387"},{"taxonomy":"product_tag","embeddable":true,"href":"https:\/\/www.3dprintrg.sk\/cz\/wp-json\/wp\/v2\/product_tag?post=2387"}],"curies":[{"name":"wp","href":"https:\/\/api.w.org\/{rel}","templated":true}]}}