{"id":2390,"date":"2025-04-15T19:03:26","date_gmt":"2025-04-15T17:03:26","guid":{"rendered":"https:\/\/www.3dprintrg.sk\/?post_type=product&#038;p=2390"},"modified":"2025-04-15T19:03:26","modified_gmt":"2025-04-15T17:03:26","slug":"zapich-narodeniny","status":"publish","type":"product","link":"https:\/\/www.3dprintrg.sk\/cz\/produkt\/zapich-narodeniny\/","title":{"rendered":"Z\u00e1pich narodeniny"},"content":{"rendered":"<p>Z\u00e1pich meno s textom narodeniny a kvetom namiesto p\u00edsmena ..o..<br \/>\n\u0160\u00edrka z\u00e1pichu je  cm<br \/>\nPodklad je trblietavy zlat\u00fd, meno si mo\u017eete zvoli\u0165 aj v inej farbe (tu si nap\u00ed\u0161te pri objedn\u00e1vke do pozn\u00e1mky)<\/p>\n<p>Dekor\u00e1cia je vyroben\u00e1 z PLA plastu,plast je vyroben\u00fd z obnovite\u013en\u00fdch zdrojov, ako je kukuri\u010dn\u00fd \u0161krob, cukrov\u00e1 trstina alebo zemiakov\u00fd \u0161krob,PLA plast je netoxick\u00fd a bezpe\u010dn\u00fd na styk s potravinami.<\/p>","protected":false},"excerpt":{"rendered":"<p>Z\u00e1pich meno s textom narodeniny a kvetom namiesto p\u00edsmena ..o..<br \/>\n\u0160\u00edrka z\u00e1pichu je  cm<br \/>\nPodklad je trblietavy zlat\u00fd, meno si mo\u017eete zvoli\u0165 aj v inej farbe (tu si nap\u00ed\u0161te pri objedn\u00e1vke do pozn\u00e1mky)<\/p>","protected":false},"featured_media":2391,"comment_status":"open","ping_status":"closed","template":"","meta":{"_et_pb_use_builder":"","_et_pb_old_content":"","_et_gb_content_width":"","iawp_total_views":32},"product_brand":[],"product_cat":[28,97],"product_tag":[65],"class_list":{"0":"post-2390","1":"product","2":"type-product","3":"status-publish","4":"has-post-thumbnail","6":"product_cat-mena","7":"product_cat-rozne-textove-zapichy","8":"product_tag-zapich-meno","9":"wcpa_has_options","11":"first","12":"instock","13":"purchasable","14":"product-type-simple"},"jetpack_sharing_enabled":true,"_links":{"self":[{"href":"https:\/\/www.3dprintrg.sk\/cz\/wp-json\/wp\/v2\/product\/2390","targetHints":{"allow":["GET"]}}],"collection":[{"href":"https:\/\/www.3dprintrg.sk\/cz\/wp-json\/wp\/v2\/product"}],"about":[{"href":"https:\/\/www.3dprintrg.sk\/cz\/wp-json\/wp\/v2\/types\/product"}],"replies":[{"embeddable":true,"href":"https:\/\/www.3dprintrg.sk\/cz\/wp-json\/wp\/v2\/comments?post=2390"}],"wp:featuredmedia":[{"embeddable":true,"href":"https:\/\/www.3dprintrg.sk\/cz\/wp-json\/wp\/v2\/media\/2391"}],"wp:attachment":[{"href":"https:\/\/www.3dprintrg.sk\/cz\/wp-json\/wp\/v2\/media?parent=2390"}],"wp:term":[{"taxonomy":"product_brand","embeddable":true,"href":"https:\/\/www.3dprintrg.sk\/cz\/wp-json\/wp\/v2\/product_brand?post=2390"},{"taxonomy":"product_cat","embeddable":true,"href":"https:\/\/www.3dprintrg.sk\/cz\/wp-json\/wp\/v2\/product_cat?post=2390"},{"taxonomy":"product_tag","embeddable":true,"href":"https:\/\/www.3dprintrg.sk\/cz\/wp-json\/wp\/v2\/product_tag?post=2390"}],"curies":[{"name":"wp","href":"https:\/\/api.w.org\/{rel}","templated":true}]}}