{"id":2396,"date":"2025-04-16T09:28:23","date_gmt":"2025-04-16T07:28:23","guid":{"rendered":"https:\/\/www.3dprintrg.sk\/?post_type=product&#038;p=2396"},"modified":"2025-04-16T09:28:24","modified_gmt":"2025-04-16T07:28:24","slug":"dievcatko-na-prijimanie-blond-vlasy","status":"publish","type":"product","link":"https:\/\/www.3dprintrg.sk\/cz\/produkt\/dievcatko-na-prijimanie-blond-vlasy\/","title":{"rendered":"Diev\u010datko na prij\u00edmanie blond vlasy"},"content":{"rendered":"<p>Papierov\u00fd z\u00e1pich modliace diev\u010datko na tortu na prij\u00edmanie<br \/>\nV\u00fd\u0161ka je 13,5 cm<br \/>\nUPOZORNENIE<br \/>\nNed\u00e1vajte priamo na kr\u00e9m,navlhne to.<\/p>","protected":false},"excerpt":{"rendered":"<p>Papierov\u00fd z\u00e1pich modliace diev\u010datko na tortu na prij\u00edmanie<br \/>\nV\u00fd\u0161ka je 13,5 cm<\/p>","protected":false},"featured_media":2397,"comment_status":"open","ping_status":"closed","template":"","meta":{"_et_pb_use_builder":"","_et_pb_old_content":"","_et_gb_content_width":"","iawp_total_views":5},"product_brand":[],"product_cat":[49,24],"product_tag":[116],"class_list":{"0":"post-2396","1":"product","2":"type-product","3":"status-publish","4":"has-post-thumbnail","6":"product_cat-prijimanie","7":"product_cat-cirkevne-zapichy","8":"product_tag-dievcatko-na-prijimanie","10":"first","11":"instock","12":"sale","13":"purchasable","14":"product-type-simple"},"jetpack_sharing_enabled":true,"_links":{"self":[{"href":"https:\/\/www.3dprintrg.sk\/cz\/wp-json\/wp\/v2\/product\/2396","targetHints":{"allow":["GET"]}}],"collection":[{"href":"https:\/\/www.3dprintrg.sk\/cz\/wp-json\/wp\/v2\/product"}],"about":[{"href":"https:\/\/www.3dprintrg.sk\/cz\/wp-json\/wp\/v2\/types\/product"}],"replies":[{"embeddable":true,"href":"https:\/\/www.3dprintrg.sk\/cz\/wp-json\/wp\/v2\/comments?post=2396"}],"wp:featuredmedia":[{"embeddable":true,"href":"https:\/\/www.3dprintrg.sk\/cz\/wp-json\/wp\/v2\/media\/2397"}],"wp:attachment":[{"href":"https:\/\/www.3dprintrg.sk\/cz\/wp-json\/wp\/v2\/media?parent=2396"}],"wp:term":[{"taxonomy":"product_brand","embeddable":true,"href":"https:\/\/www.3dprintrg.sk\/cz\/wp-json\/wp\/v2\/product_brand?post=2396"},{"taxonomy":"product_cat","embeddable":true,"href":"https:\/\/www.3dprintrg.sk\/cz\/wp-json\/wp\/v2\/product_cat?post=2396"},{"taxonomy":"product_tag","embeddable":true,"href":"https:\/\/www.3dprintrg.sk\/cz\/wp-json\/wp\/v2\/product_tag?post=2396"}],"curies":[{"name":"wp","href":"https:\/\/api.w.org\/{rel}","templated":true}]}}