{"id":2418,"date":"2025-04-21T18:30:06","date_gmt":"2025-04-21T16:30:06","guid":{"rendered":"https:\/\/www.3dprintrg.sk\/?post_type=product&#038;p=2418"},"modified":"2025-04-21T18:30:06","modified_gmt":"2025-04-21T16:30:06","slug":"zapich-vyrocie-svadby","status":"publish","type":"product","link":"https:\/\/www.3dprintrg.sk\/cz\/produkt\/zapich-vyrocie-svadby\/","title":{"rendered":"Z\u00e1pich V\u00fdro\u010die svadby"},"content":{"rendered":"<p>Predstavujeme n\u00e1\u0161 elegantn\u00fd dreven\u00fd z\u00e1pich na v\u00fdro\u010die svadby-dokonal\u00fa ozdobu, ktor\u00e1 premen\u00ed ak\u00fako\u013evek tortu na centrum pozornosti va\u0161ej oslavy.<br \/>\n\u010c\u00edslo nap\u00ed\u0161te do pozn\u00e1mky.<br \/>\n\u0160\u00edrka z\u00e1pichu je 14 cm <\/p>","protected":false},"excerpt":{"rendered":"<p>Predstavujeme n\u00e1\u0161 elegantn\u00fd dreven\u00fd z\u00e1pich na v\u00fdro\u010die svadby-dokonal\u00fa ozdobu, ktor\u00e1 premen\u00ed ak\u00fako\u013evek tortu na centrum pozornosti va\u0161ej oslavy.<br \/>\n\u010c\u00edslo nap\u00ed\u0161te do pozn\u00e1mky.<\/p>","protected":false},"featured_media":2419,"comment_status":"open","ping_status":"closed","template":"","meta":{"_et_pb_use_builder":"","_et_pb_old_content":"","_et_gb_content_width":"","iawp_total_views":21},"product_brand":[],"product_cat":[281,97,27],"product_tag":[82,313],"class_list":{"0":"post-2418","1":"product","2":"type-product","3":"status-publish","4":"has-post-thumbnail","6":"product_cat-vyrobky-z-dreva","7":"product_cat-rozne-textove-zapichy","8":"product_cat-svadobne-zapichy","9":"product_tag-svadobny-zapich","10":"product_tag-zapich-na-vyrocie-svadby","11":"wcpa_has_options","13":"first","14":"instock","15":"purchasable","16":"product-type-simple"},"jetpack_sharing_enabled":true,"_links":{"self":[{"href":"https:\/\/www.3dprintrg.sk\/cz\/wp-json\/wp\/v2\/product\/2418","targetHints":{"allow":["GET"]}}],"collection":[{"href":"https:\/\/www.3dprintrg.sk\/cz\/wp-json\/wp\/v2\/product"}],"about":[{"href":"https:\/\/www.3dprintrg.sk\/cz\/wp-json\/wp\/v2\/types\/product"}],"replies":[{"embeddable":true,"href":"https:\/\/www.3dprintrg.sk\/cz\/wp-json\/wp\/v2\/comments?post=2418"}],"wp:featuredmedia":[{"embeddable":true,"href":"https:\/\/www.3dprintrg.sk\/cz\/wp-json\/wp\/v2\/media\/2419"}],"wp:attachment":[{"href":"https:\/\/www.3dprintrg.sk\/cz\/wp-json\/wp\/v2\/media?parent=2418"}],"wp:term":[{"taxonomy":"product_brand","embeddable":true,"href":"https:\/\/www.3dprintrg.sk\/cz\/wp-json\/wp\/v2\/product_brand?post=2418"},{"taxonomy":"product_cat","embeddable":true,"href":"https:\/\/www.3dprintrg.sk\/cz\/wp-json\/wp\/v2\/product_cat?post=2418"},{"taxonomy":"product_tag","embeddable":true,"href":"https:\/\/www.3dprintrg.sk\/cz\/wp-json\/wp\/v2\/product_tag?post=2418"}],"curies":[{"name":"wp","href":"https:\/\/api.w.org\/{rel}","templated":true}]}}