{"id":2426,"date":"2025-04-22T18:03:36","date_gmt":"2025-04-22T16:03:36","guid":{"rendered":"https:\/\/www.3dprintrg.sk\/?post_type=product&#038;p=2426"},"modified":"2025-04-22T18:03:36","modified_gmt":"2025-04-22T16:03:36","slug":"zapich-boldog-szuletesnapot","status":"publish","type":"product","link":"https:\/\/www.3dprintrg.sk\/cz\/produkt\/zapich-boldog-szuletesnapot\/","title":{"rendered":"Z\u00e1pich Boldog sz\u00fclet\u00e9snapot"},"content":{"rendered":"<p>Z\u00e1pich na tortu s ma\u010farsk\u00fdm textom Boldog sz\u00fclet\u00e9snapot.<br \/>\n \u0160\u00edrka je 14 cm<br \/>\nDo pozn\u00e1mky nap\u00ed\u0161te ak\u00fd farbu si \u017eel\u00e1te<\/p>","protected":false},"excerpt":{"rendered":"<p>Z\u00e1pich na tortu s ma\u010farsk\u00fdm textom Boldog sz\u00fclet\u00e9snapot.<br \/>\n \u0160\u00edrka je 14 cm<br \/>\nDo pozn\u00e1mky nap\u00ed\u0161te ak\u00fd farbu si \u017eel\u00e1te<\/p>","protected":false},"featured_media":2427,"comment_status":"open","ping_status":"closed","template":"","meta":{"_et_pb_use_builder":"","_et_pb_old_content":"","_et_gb_content_width":"","iawp_total_views":12},"product_brand":[],"product_cat":[23,97],"product_tag":[316,81],"class_list":{"0":"post-2426","1":"product","2":"type-product","3":"status-publish","4":"has-post-thumbnail","6":"product_cat-vsetko-najlepsie","7":"product_cat-rozne-textove-zapichy","8":"product_tag-madarsky-zapich","9":"product_tag-zapich","10":"wcpa_has_options","12":"first","13":"instock","14":"purchasable","15":"product-type-simple"},"jetpack_sharing_enabled":true,"_links":{"self":[{"href":"https:\/\/www.3dprintrg.sk\/cz\/wp-json\/wp\/v2\/product\/2426","targetHints":{"allow":["GET"]}}],"collection":[{"href":"https:\/\/www.3dprintrg.sk\/cz\/wp-json\/wp\/v2\/product"}],"about":[{"href":"https:\/\/www.3dprintrg.sk\/cz\/wp-json\/wp\/v2\/types\/product"}],"replies":[{"embeddable":true,"href":"https:\/\/www.3dprintrg.sk\/cz\/wp-json\/wp\/v2\/comments?post=2426"}],"wp:featuredmedia":[{"embeddable":true,"href":"https:\/\/www.3dprintrg.sk\/cz\/wp-json\/wp\/v2\/media\/2427"}],"wp:attachment":[{"href":"https:\/\/www.3dprintrg.sk\/cz\/wp-json\/wp\/v2\/media?parent=2426"}],"wp:term":[{"taxonomy":"product_brand","embeddable":true,"href":"https:\/\/www.3dprintrg.sk\/cz\/wp-json\/wp\/v2\/product_brand?post=2426"},{"taxonomy":"product_cat","embeddable":true,"href":"https:\/\/www.3dprintrg.sk\/cz\/wp-json\/wp\/v2\/product_cat?post=2426"},{"taxonomy":"product_tag","embeddable":true,"href":"https:\/\/www.3dprintrg.sk\/cz\/wp-json\/wp\/v2\/product_tag?post=2426"}],"curies":[{"name":"wp","href":"https:\/\/api.w.org\/{rel}","templated":true}]}}