{"id":2442,"date":"2025-04-22T19:10:11","date_gmt":"2025-04-22T17:10:11","guid":{"rendered":"https:\/\/www.3dprintrg.sk\/?post_type=product&#038;p=2442"},"modified":"2025-04-22T19:17:04","modified_gmt":"2025-04-22T17:17:04","slug":"zapich-konfirmacia","status":"publish","type":"product","link":"https:\/\/www.3dprintrg.sk\/cz\/produkt\/zapich-konfirmacia\/","title":{"rendered":"Z\u00e1pich Konfirmacia"},"content":{"rendered":"<p>Tento \u0161t\u00fdlov\u00fd z\u00e1pich s textom Konfirmacia je kr\u00e1snym doplnkom ka\u017edej torty.<br \/>\nJeho decentn\u00fd dizajn pod\u010diarkne d\u00f4le\u017eitos\u0165 tejto udalosti a stane sa peknou pamiatkou<br \/>\nPri obj\u00e1dn\u00e1vke uvedte meno die\u0165a\u0165a, d\u00e1tum a farbu ak\u00fa si prajete<br \/>\nRozmer 15 cm<br \/>\nDod\u00e1vame aj s kr\u00ed\u017eikom<br \/>\nDekor\u00e1cia je vyroben\u00e1 z PLA plastu,plast je vyroben\u00fd z obnovite\u013en\u00fdch zdrojov, ako je kukuri\u010dn\u00fd \u0161krob, cukrov\u00e1 trstina alebo zemiakov\u00fd \u0161krob,PLA plast je netoxick\u00fd a bezpe\u010dn\u00fd na styk s potravinami.<\/p>","protected":false},"excerpt":{"rendered":"<p>Tento \u0161t\u00fdlov\u00fd z\u00e1pich s textom Konfirmacia je kr\u00e1snym doplnkom ka\u017edej torty.<br \/>\nJeho decentn\u00fd dizajn pod\u010diarkne d\u00f4le\u017eitos\u0165 tejto udalosti a stane sa peknou pamiatkou<br \/>\nPri obj\u00e1dn\u00e1vke uvedte meno die\u0165a\u0165a, d\u00e1tum a farbu ak\u00fa si prajete<br \/>\nRozmer 15 cm<br \/>\nDod\u00e1vame aj s kr\u00ed\u017eikom <\/p>","protected":false},"featured_media":2443,"comment_status":"open","ping_status":"closed","template":"","meta":{"_et_pb_use_builder":"","_et_pb_old_content":"","_et_gb_content_width":"","iawp_total_views":32},"product_brand":[],"product_cat":[24,49],"product_tag":[317,318],"class_list":{"0":"post-2442","1":"product","2":"type-product","3":"status-publish","4":"has-post-thumbnail","6":"product_cat-cirkevne-zapichy","7":"product_cat-prijimanie","8":"product_tag-konfirmacia","9":"product_tag-zapich-konfirmacia","10":"wcpa_has_options","12":"first","13":"instock","14":"purchasable","15":"product-type-simple"},"jetpack_sharing_enabled":true,"_links":{"self":[{"href":"https:\/\/www.3dprintrg.sk\/cz\/wp-json\/wp\/v2\/product\/2442","targetHints":{"allow":["GET"]}}],"collection":[{"href":"https:\/\/www.3dprintrg.sk\/cz\/wp-json\/wp\/v2\/product"}],"about":[{"href":"https:\/\/www.3dprintrg.sk\/cz\/wp-json\/wp\/v2\/types\/product"}],"replies":[{"embeddable":true,"href":"https:\/\/www.3dprintrg.sk\/cz\/wp-json\/wp\/v2\/comments?post=2442"}],"wp:featuredmedia":[{"embeddable":true,"href":"https:\/\/www.3dprintrg.sk\/cz\/wp-json\/wp\/v2\/media\/2443"}],"wp:attachment":[{"href":"https:\/\/www.3dprintrg.sk\/cz\/wp-json\/wp\/v2\/media?parent=2442"}],"wp:term":[{"taxonomy":"product_brand","embeddable":true,"href":"https:\/\/www.3dprintrg.sk\/cz\/wp-json\/wp\/v2\/product_brand?post=2442"},{"taxonomy":"product_cat","embeddable":true,"href":"https:\/\/www.3dprintrg.sk\/cz\/wp-json\/wp\/v2\/product_cat?post=2442"},{"taxonomy":"product_tag","embeddable":true,"href":"https:\/\/www.3dprintrg.sk\/cz\/wp-json\/wp\/v2\/product_tag?post=2442"}],"curies":[{"name":"wp","href":"https:\/\/api.w.org\/{rel}","templated":true}]}}