{"id":2448,"date":"2025-04-24T09:20:01","date_gmt":"2025-04-24T07:20:01","guid":{"rendered":"https:\/\/www.3dprintrg.sk\/?post_type=product&#038;p=2448"},"modified":"2025-04-24T09:21:09","modified_gmt":"2025-04-24T07:21:09","slug":"zapich-fortnite","status":"publish","type":"product","link":"https:\/\/www.3dprintrg.sk\/cz\/produkt\/zapich-fortnite\/","title":{"rendered":"Z\u00e1pich Fortnite"},"content":{"rendered":"<p>Uk\u00e1\u017e svoju va\u0161e\u0148 pre Fortnite..<br \/>\nHlad\u00e1\u0161 perfektn\u00fd doplnok na tvoju tortu?<br \/>\n-Tento \u0161t\u00fdlov\u00fd z\u00e1pich s mot\u00edvom ob\u013e\u00fabenej hry je presne to \u010do potrebuje\u0161!<\/p>\n<p>\u0160\u00edrka z\u00e1pichu 16 cm <\/p>\n<p>Dekor\u00e1cia je vyroben\u00e1 z PLA plastu,plast je vyroben\u00fd z obnovite\u013en\u00fdch zdrojov, ako je kukuri\u010dn\u00fd \u0161krob, cukrov\u00e1 trstina alebo zemiakov\u00fd \u0161krob,PLA plast je netoxick\u00fd a bezpe\u010dn\u00fd na styk s potravinami.<\/p>","protected":false},"excerpt":{"rendered":"<p>Uk\u00e1\u017e svoju va\u0161e\u0148 pre Fortnite..<br \/>\nHlad\u00e1\u0161 perfektn\u00fd doplnok na tvoju tortu?<br \/>\n-Tento \u0161t\u00fdlov\u00fd z\u00e1pich s mot\u00edvom ob\u013e\u00fabenej hry je presne to \u010do potrebuje\u0161!<\/p>","protected":false},"featured_media":2449,"comment_status":"open","ping_status":"closed","template":"","meta":{"_et_pb_use_builder":"","_et_pb_old_content":"","_et_gb_content_width":"","iawp_total_views":17},"product_brand":[],"product_cat":[25],"product_tag":[322,81,321],"class_list":{"0":"post-2448","1":"product","2":"type-product","3":"status-publish","4":"has-post-thumbnail","6":"product_cat-farebne-obrazkove-zapichy","7":"product_tag-fortnite","8":"product_tag-zapich","9":"product_tag-zapich-fortnite","11":"first","12":"instock","13":"purchasable","14":"product-type-simple"},"jetpack_sharing_enabled":true,"_links":{"self":[{"href":"https:\/\/www.3dprintrg.sk\/cz\/wp-json\/wp\/v2\/product\/2448","targetHints":{"allow":["GET"]}}],"collection":[{"href":"https:\/\/www.3dprintrg.sk\/cz\/wp-json\/wp\/v2\/product"}],"about":[{"href":"https:\/\/www.3dprintrg.sk\/cz\/wp-json\/wp\/v2\/types\/product"}],"replies":[{"embeddable":true,"href":"https:\/\/www.3dprintrg.sk\/cz\/wp-json\/wp\/v2\/comments?post=2448"}],"wp:featuredmedia":[{"embeddable":true,"href":"https:\/\/www.3dprintrg.sk\/cz\/wp-json\/wp\/v2\/media\/2449"}],"wp:attachment":[{"href":"https:\/\/www.3dprintrg.sk\/cz\/wp-json\/wp\/v2\/media?parent=2448"}],"wp:term":[{"taxonomy":"product_brand","embeddable":true,"href":"https:\/\/www.3dprintrg.sk\/cz\/wp-json\/wp\/v2\/product_brand?post=2448"},{"taxonomy":"product_cat","embeddable":true,"href":"https:\/\/www.3dprintrg.sk\/cz\/wp-json\/wp\/v2\/product_cat?post=2448"},{"taxonomy":"product_tag","embeddable":true,"href":"https:\/\/www.3dprintrg.sk\/cz\/wp-json\/wp\/v2\/product_tag?post=2448"}],"curies":[{"name":"wp","href":"https:\/\/api.w.org\/{rel}","templated":true}]}}