{"id":2450,"date":"2025-04-24T09:28:06","date_gmt":"2025-04-24T07:28:06","guid":{"rendered":"https:\/\/www.3dprintrg.sk\/?post_type=product&#038;p=2450"},"modified":"2025-04-24T09:29:10","modified_gmt":"2025-04-24T07:29:10","slug":"zapich-happy-birthday-2","status":"publish","type":"product","link":"https:\/\/www.3dprintrg.sk\/cz\/produkt\/zapich-happy-birthday-2\/","title":{"rendered":"Z\u00e1pich Happy Birthday"},"content":{"rendered":"<p>Urobte narodeninov\u00fa tortu este v\u00fdnomo\u010dnej\u0161ou s na\u0161\u00edm kr\u00e1snym z\u00e1pichom Happy Birthday v striebornej farbe.<br \/>\nKvalitn\u00fd materi\u00e1l a prec\u00edzne spracovanie zaru\u010duj\u00fa dlh\u00fa \u017eivotnos\u0165 a skvel\u00fd vzh\u013ead.<br \/>\n\u0160\u00edrka 12 cm<br \/>\nZapich na bok torty<br \/>\n-do pozn\u00e1mky uvedte ak chcete in\u00fa farbu<\/p>\n<p>Dekor\u00e1cia je vyroben\u00e1 z PLA plastu,plast je vyroben\u00fd z obnovite\u013en\u00fdch zdrojov, ako je kukuri\u010dn\u00fd \u0161krob, cukrov\u00e1 trstina alebo zemiakov\u00fd \u0161krob,PLA plast je netoxick\u00fd a bezpe\u010dn\u00fd na styk s potravinami.<\/p>","protected":false},"excerpt":{"rendered":"<p>Urobte narodeninov\u00fa tortu este v\u00fdnomo\u010dnej\u0161ou s na\u0161\u00edm kr\u00e1snym z\u00e1pichom Happy Birthday v striebornej farbe.<br \/>\nKvalitn\u00fd materi\u00e1l a prec\u00edzne spracovanie zaru\u010duj\u00fa dlh\u00fa \u017eivotnos\u0165 a skvel\u00fd vzh\u013ead.<br \/>\n\u0160\u00edrka 12 cm<br \/>\nZapich na bok torty<br \/>\n-do pozn\u00e1mky uvedte ak chcete in\u00fa farbu<\/p>","protected":false},"featured_media":2452,"comment_status":"open","ping_status":"closed","template":"","meta":{"_et_pb_use_builder":"","_et_pb_old_content":"","_et_gb_content_width":"","iawp_total_views":33},"product_brand":[],"product_cat":[23],"product_tag":[168],"class_list":{"0":"post-2450","1":"product","2":"type-product","3":"status-publish","4":"has-post-thumbnail","6":"product_cat-vsetko-najlepsie","7":"product_tag-zapich-happy-birthday","8":"wcpa_has_options","10":"first","11":"instock","12":"purchasable","13":"product-type-simple"},"jetpack_sharing_enabled":true,"_links":{"self":[{"href":"https:\/\/www.3dprintrg.sk\/cz\/wp-json\/wp\/v2\/product\/2450","targetHints":{"allow":["GET"]}}],"collection":[{"href":"https:\/\/www.3dprintrg.sk\/cz\/wp-json\/wp\/v2\/product"}],"about":[{"href":"https:\/\/www.3dprintrg.sk\/cz\/wp-json\/wp\/v2\/types\/product"}],"replies":[{"embeddable":true,"href":"https:\/\/www.3dprintrg.sk\/cz\/wp-json\/wp\/v2\/comments?post=2450"}],"wp:featuredmedia":[{"embeddable":true,"href":"https:\/\/www.3dprintrg.sk\/cz\/wp-json\/wp\/v2\/media\/2452"}],"wp:attachment":[{"href":"https:\/\/www.3dprintrg.sk\/cz\/wp-json\/wp\/v2\/media?parent=2450"}],"wp:term":[{"taxonomy":"product_brand","embeddable":true,"href":"https:\/\/www.3dprintrg.sk\/cz\/wp-json\/wp\/v2\/product_brand?post=2450"},{"taxonomy":"product_cat","embeddable":true,"href":"https:\/\/www.3dprintrg.sk\/cz\/wp-json\/wp\/v2\/product_cat?post=2450"},{"taxonomy":"product_tag","embeddable":true,"href":"https:\/\/www.3dprintrg.sk\/cz\/wp-json\/wp\/v2\/product_tag?post=2450"}],"curies":[{"name":"wp","href":"https:\/\/api.w.org\/{rel}","templated":true}]}}