{"id":2455,"date":"2025-04-24T11:42:09","date_gmt":"2025-04-24T09:42:09","guid":{"rendered":"https:\/\/www.3dprintrg.sk\/?post_type=product&#038;p=2455"},"modified":"2025-04-24T11:42:09","modified_gmt":"2025-04-24T09:42:09","slug":"zapich-prve-svate-prijimanie-2","status":"publish","type":"product","link":"https:\/\/www.3dprintrg.sk\/cz\/produkt\/zapich-prve-svate-prijimanie-2\/","title":{"rendered":"Z\u00e1pich prv\u00e9 sv\u00e4t\u00e9 prij\u00edmanie"},"content":{"rendered":"<p>Osl\u00e1vte v\u00fdnimo\u010dn\u00fd de\u0148 Prv\u00e9ho sv\u00e4t\u00e9ho prij\u00edmania s na\u0161\u00edm elegantn\u00fdm z\u00e1pichom!<br \/>\nDodajte va\u0161ej torte iskru a nechajte tento kr\u00e1sny detail vynikn\u00fa\u0165.<br \/>\nDosputn\u00e9 v r\u00f4znych farb\u00e1ch na va\u0161e \u017eelanie, nap\u00ed\u0161te farbu do pozn\u00e1mky.<\/p>\n<p>Rozmer 13 cm <\/p>\n<p>Dekor\u00e1cia je vyroben\u00e1 z PLA plastu,plast je vyroben\u00fd z obnovite\u013en\u00fdch zdrojov, ako je kukuri\u010dn\u00fd \u0161krob, cukrov\u00e1 trstina alebo zemiakov\u00fd \u0161krob,PLA plast je netoxick\u00fd a bezpe\u010dn\u00fd na styk s potravinami.<\/p>","protected":false},"excerpt":{"rendered":"<p>Osl\u00e1vte v\u00fdnimo\u010dn\u00fd de\u0148 Prv\u00e9ho sv\u00e4t\u00e9ho prij\u00edmania s na\u0161\u00edm elegantn\u00fdm z\u00e1pichom!<br \/>\nDodajte va\u0161ej torte iskru a nechajte tento kr\u00e1sny detail vynikn\u00fa\u0165.<br \/>\nDosputn\u00e9 v r\u00f4znych farb\u00e1ch na va\u0161e \u017eelanie, nap\u00ed\u0161te farbu do pozn\u00e1mky.<\/p>\n<p>Rozmer 13 cm <\/p>","protected":false},"featured_media":2456,"comment_status":"open","ping_status":"closed","template":"","meta":{"_et_pb_use_builder":"","_et_pb_old_content":"","_et_gb_content_width":"","iawp_total_views":13},"product_brand":[],"product_cat":[24,49],"product_tag":[145,143,264],"class_list":{"0":"post-2455","1":"product","2":"type-product","3":"status-publish","4":"has-post-thumbnail","6":"product_cat-cirkevne-zapichy","7":"product_cat-prijimanie","8":"product_tag-prijimanie-zapich","9":"product_tag-zapich-na-prijimanie","10":"product_tag-zapich-na-prve-svate-prijimanie","11":"wcpa_has_options","13":"first","14":"instock","15":"purchasable","16":"product-type-simple"},"jetpack_sharing_enabled":true,"_links":{"self":[{"href":"https:\/\/www.3dprintrg.sk\/cz\/wp-json\/wp\/v2\/product\/2455","targetHints":{"allow":["GET"]}}],"collection":[{"href":"https:\/\/www.3dprintrg.sk\/cz\/wp-json\/wp\/v2\/product"}],"about":[{"href":"https:\/\/www.3dprintrg.sk\/cz\/wp-json\/wp\/v2\/types\/product"}],"replies":[{"embeddable":true,"href":"https:\/\/www.3dprintrg.sk\/cz\/wp-json\/wp\/v2\/comments?post=2455"}],"wp:featuredmedia":[{"embeddable":true,"href":"https:\/\/www.3dprintrg.sk\/cz\/wp-json\/wp\/v2\/media\/2456"}],"wp:attachment":[{"href":"https:\/\/www.3dprintrg.sk\/cz\/wp-json\/wp\/v2\/media?parent=2455"}],"wp:term":[{"taxonomy":"product_brand","embeddable":true,"href":"https:\/\/www.3dprintrg.sk\/cz\/wp-json\/wp\/v2\/product_brand?post=2455"},{"taxonomy":"product_cat","embeddable":true,"href":"https:\/\/www.3dprintrg.sk\/cz\/wp-json\/wp\/v2\/product_cat?post=2455"},{"taxonomy":"product_tag","embeddable":true,"href":"https:\/\/www.3dprintrg.sk\/cz\/wp-json\/wp\/v2\/product_tag?post=2455"}],"curies":[{"name":"wp","href":"https:\/\/api.w.org\/{rel}","templated":true}]}}