{"id":2457,"date":"2025-04-24T11:49:06","date_gmt":"2025-04-24T09:49:06","guid":{"rendered":"https:\/\/www.3dprintrg.sk\/?post_type=product&#038;p=2457"},"modified":"2025-04-24T11:49:07","modified_gmt":"2025-04-24T09:49:07","slug":"vykrajovacka-krizik","status":"publish","type":"product","link":"https:\/\/www.3dprintrg.sk\/cz\/produkt\/vykrajovacka-krizik\/","title":{"rendered":"Vykrajova\u010dka kr\u00ed\u017eik"},"content":{"rendered":"<p>Pustite sa do pe\u010denia s na\u0161imi kvalitn\u00fdmi vykrajova\u010dkami!<br \/>\nIde\u00e1lne na su\u0161ienky, pern\u00ed\u010dky, modelovaciu hmotu..<br \/>\nV\u00fd\u0161ka 8 cm <\/p>\n<p>Dekor\u00e1cia je vyroben\u00e1 z PLA plastu,plast je vyroben\u00fd z obnovite\u013en\u00fdch zdrojov, ako je kukuri\u010dn\u00fd \u0161krob, cukrov\u00e1 trstina alebo zemiakov\u00fd \u0161krob,PLA plast je netoxick\u00fd a bezpe\u010dn\u00fd na styk s potravinami.<\/p>","protected":false},"excerpt":{"rendered":"<p>Pustite sa do pe\u010denia s na\u0161imi kvalitn\u00fdmi vykrajova\u010dkami!<br \/>\nIde\u00e1lne na su\u0161ienky, pern\u00ed\u010dky, modelovaciu hmotu..<br \/>\nV\u00fd\u0161ka 8 cm <\/p>","protected":false},"featured_media":2458,"comment_status":"open","ping_status":"closed","template":"","meta":{"_et_pb_use_builder":"","_et_pb_old_content":"","_et_gb_content_width":"","iawp_total_views":7},"product_brand":[],"product_cat":[15],"product_tag":[193,74,324],"class_list":{"0":"post-2457","1":"product","2":"type-product","3":"status-publish","4":"has-post-thumbnail","6":"product_cat-vykrajovacky","7":"product_tag-krizik","8":"product_tag-vykrajovacka","9":"product_tag-vykrajovacka-krizik","11":"first","12":"instock","13":"purchasable","14":"product-type-simple"},"jetpack_sharing_enabled":true,"_links":{"self":[{"href":"https:\/\/www.3dprintrg.sk\/cz\/wp-json\/wp\/v2\/product\/2457","targetHints":{"allow":["GET"]}}],"collection":[{"href":"https:\/\/www.3dprintrg.sk\/cz\/wp-json\/wp\/v2\/product"}],"about":[{"href":"https:\/\/www.3dprintrg.sk\/cz\/wp-json\/wp\/v2\/types\/product"}],"replies":[{"embeddable":true,"href":"https:\/\/www.3dprintrg.sk\/cz\/wp-json\/wp\/v2\/comments?post=2457"}],"wp:featuredmedia":[{"embeddable":true,"href":"https:\/\/www.3dprintrg.sk\/cz\/wp-json\/wp\/v2\/media\/2458"}],"wp:attachment":[{"href":"https:\/\/www.3dprintrg.sk\/cz\/wp-json\/wp\/v2\/media?parent=2457"}],"wp:term":[{"taxonomy":"product_brand","embeddable":true,"href":"https:\/\/www.3dprintrg.sk\/cz\/wp-json\/wp\/v2\/product_brand?post=2457"},{"taxonomy":"product_cat","embeddable":true,"href":"https:\/\/www.3dprintrg.sk\/cz\/wp-json\/wp\/v2\/product_cat?post=2457"},{"taxonomy":"product_tag","embeddable":true,"href":"https:\/\/www.3dprintrg.sk\/cz\/wp-json\/wp\/v2\/product_tag?post=2457"}],"curies":[{"name":"wp","href":"https:\/\/api.w.org\/{rel}","templated":true}]}}