{"id":2461,"date":"2025-04-25T19:51:56","date_gmt":"2025-04-25T17:51:56","guid":{"rendered":"https:\/\/www.3dprintrg.sk\/?post_type=product&#038;p=2461"},"modified":"2025-07-07T18:51:34","modified_gmt":"2025-07-07T16:51:34","slug":"dekoracia-topanocky-na-tortu","status":"publish","type":"product","link":"https:\/\/www.3dprintrg.sk\/cz\/produkt\/dekoracia-topanocky-na-tortu\/","title":{"rendered":"Dekor\u00e1cia top\u00e1no\u010dky na tortu"},"content":{"rendered":"<p>O\u010daruj\u00face detsk\u00e9 top\u00e1no\u010dky ako dokonal\u00e1 dekor\u00e1cia na tortu pre va\u0161e najmen\u0161ie poklady.<br \/>\nDodajte ka\u017edej oslave naroden\u00edn \u010di krstu jedine\u010dn\u00fd a roztomil\u00fd n\u00e1dych.<\/p>\n<p>Rozmer cca 5 cm <\/p>\n<p>Dekor\u00e1cia je vyroben\u00e1 z PLA plastu,plast je vyroben\u00fd z obnovite\u013en\u00fdch zdrojov, ako je kukuri\u010dn\u00fd \u0161krob, cukrov\u00e1 trstina alebo zemiakov\u00fd \u0161krob,PLA plast je netoxick\u00fd a bezpe\u010dn\u00fd na styk s potravinami.<\/p>","protected":false},"excerpt":{"rendered":"<p>O\u010daruj\u00face detsk\u00e9 top\u00e1no\u010dky ako dokonal\u00e1 dekor\u00e1cia na tortu pre va\u0161e najmen\u0161ie poklady.<br \/>\nDodajte ka\u017edej oslave naroden\u00edn \u010di krstu jedine\u010dn\u00fd a roztomil\u00fd n\u00e1dych.<\/p>","protected":false},"featured_media":2464,"comment_status":"open","ping_status":"closed","template":"","meta":{"_et_pb_use_builder":"","_et_pb_old_content":"","_et_gb_content_width":"","iawp_total_views":89},"product_brand":[],"product_cat":[25,77],"product_tag":[325,327,326],"class_list":{"0":"post-2461","1":"product","2":"type-product","3":"status-publish","4":"has-post-thumbnail","6":"product_cat-farebne-obrazkove-zapichy","7":"product_cat-rozne","8":"product_tag-dekoracia-topanky","9":"product_tag-detske-topanky","10":"product_tag-topanky","12":"first","13":"instock","14":"purchasable","15":"product-type-variable"},"jetpack_sharing_enabled":true,"_links":{"self":[{"href":"https:\/\/www.3dprintrg.sk\/cz\/wp-json\/wp\/v2\/product\/2461","targetHints":{"allow":["GET"]}}],"collection":[{"href":"https:\/\/www.3dprintrg.sk\/cz\/wp-json\/wp\/v2\/product"}],"about":[{"href":"https:\/\/www.3dprintrg.sk\/cz\/wp-json\/wp\/v2\/types\/product"}],"replies":[{"embeddable":true,"href":"https:\/\/www.3dprintrg.sk\/cz\/wp-json\/wp\/v2\/comments?post=2461"}],"wp:featuredmedia":[{"embeddable":true,"href":"https:\/\/www.3dprintrg.sk\/cz\/wp-json\/wp\/v2\/media\/2464"}],"wp:attachment":[{"href":"https:\/\/www.3dprintrg.sk\/cz\/wp-json\/wp\/v2\/media?parent=2461"}],"wp:term":[{"taxonomy":"product_brand","embeddable":true,"href":"https:\/\/www.3dprintrg.sk\/cz\/wp-json\/wp\/v2\/product_brand?post=2461"},{"taxonomy":"product_cat","embeddable":true,"href":"https:\/\/www.3dprintrg.sk\/cz\/wp-json\/wp\/v2\/product_cat?post=2461"},{"taxonomy":"product_tag","embeddable":true,"href":"https:\/\/www.3dprintrg.sk\/cz\/wp-json\/wp\/v2\/product_tag?post=2461"}],"curies":[{"name":"wp","href":"https:\/\/api.w.org\/{rel}","templated":true}]}}