{"id":2465,"date":"2025-04-25T20:00:40","date_gmt":"2025-04-25T18:00:40","guid":{"rendered":"https:\/\/www.3dprintrg.sk\/?post_type=product&#038;p=2465"},"modified":"2025-07-18T21:15:07","modified_gmt":"2025-07-18T19:15:07","slug":"dekoracia-kocky-s-pismenkom","status":"publish","type":"product","link":"https:\/\/www.3dprintrg.sk\/cz\/produkt\/dekoracia-kocky-s-pismenkom\/","title":{"rendered":"Dekor\u00e1cia kocky s p\u00edsmenkom"},"content":{"rendered":"<p>Dekor\u00e1cia p\u00edsmenko v kocke , vyskladajte si meno na \u017eelanie<br \/>\nPri objedn\u00e1vke do pozn\u00e1mky uvedte meno a do ko\u0161\u00edka si vlo\u017ete tolko kusov ko\u013eko m\u00e1 meno p\u00edsmenok<br \/>\nCena je za 1 Ks kocky s p\u00edsmenkom<br \/>\nAk si \u017eel\u00e1te inu farbu ako je v ponuke nap\u00ed\u0161te ju do pozn\u00e1mky.<\/p>\n<p>Rozmer cca 2,5*2,5cm <\/p>\n<p>Dekor\u00e1cia je vyroben\u00e1 z PLA plastu,plast je vyroben\u00fd z obnovite\u013en\u00fdch zdrojov, ako je kukuri\u010dn\u00fd \u0161krob, cukrov\u00e1 trstina alebo zemiakov\u00fd \u0161krob,PLA plast je netoxick\u00fd a bezpe\u010dn\u00fd na styk s potravinami.<\/p>","protected":false},"excerpt":{"rendered":"<p>Dekor\u00e1cia p\u00edsmenko v kocke , vyskladajte si meno na \u017eelanie<br \/>\nPri objedn\u00e1vke do pozn\u00e1mky uvedte meno a do ko\u0161\u00edka si vlo\u017ete tolko kusov ko\u013eko m\u00e1 meno p\u00edsmenok<br \/>\nCena je za 1 Ks kocky s p\u00edsmenkom <\/p>","protected":false},"featured_media":2466,"comment_status":"open","ping_status":"closed","template":"","meta":{"_et_pb_use_builder":"","_et_pb_old_content":"","_et_gb_content_width":"","iawp_total_views":128},"product_brand":[],"product_cat":[28,77],"product_tag":[328,331,329,330],"class_list":{"0":"post-2465","1":"product","2":"type-product","3":"status-publish","4":"has-post-thumbnail","6":"product_cat-mena","7":"product_cat-rozne","8":"product_tag-dekoracia-kocky","9":"product_tag-kocka","10":"product_tag-kocky-pismenka","11":"product_tag-pismenko","12":"wcpa_has_options","14":"first","15":"instock","16":"purchasable","17":"product-type-variable"},"jetpack_sharing_enabled":true,"_links":{"self":[{"href":"https:\/\/www.3dprintrg.sk\/cz\/wp-json\/wp\/v2\/product\/2465","targetHints":{"allow":["GET"]}}],"collection":[{"href":"https:\/\/www.3dprintrg.sk\/cz\/wp-json\/wp\/v2\/product"}],"about":[{"href":"https:\/\/www.3dprintrg.sk\/cz\/wp-json\/wp\/v2\/types\/product"}],"replies":[{"embeddable":true,"href":"https:\/\/www.3dprintrg.sk\/cz\/wp-json\/wp\/v2\/comments?post=2465"}],"wp:featuredmedia":[{"embeddable":true,"href":"https:\/\/www.3dprintrg.sk\/cz\/wp-json\/wp\/v2\/media\/2466"}],"wp:attachment":[{"href":"https:\/\/www.3dprintrg.sk\/cz\/wp-json\/wp\/v2\/media?parent=2465"}],"wp:term":[{"taxonomy":"product_brand","embeddable":true,"href":"https:\/\/www.3dprintrg.sk\/cz\/wp-json\/wp\/v2\/product_brand?post=2465"},{"taxonomy":"product_cat","embeddable":true,"href":"https:\/\/www.3dprintrg.sk\/cz\/wp-json\/wp\/v2\/product_cat?post=2465"},{"taxonomy":"product_tag","embeddable":true,"href":"https:\/\/www.3dprintrg.sk\/cz\/wp-json\/wp\/v2\/product_tag?post=2465"}],"curies":[{"name":"wp","href":"https:\/\/api.w.org\/{rel}","templated":true}]}}