{"id":2474,"date":"2025-04-26T09:04:00","date_gmt":"2025-04-26T07:04:00","guid":{"rendered":"https:\/\/www.3dprintrg.sk\/?post_type=product&#038;p=2474"},"modified":"2026-01-18T11:26:52","modified_gmt":"2026-01-18T10:26:52","slug":"dekoracia-na-tortu-oblaky","status":"publish","type":"product","link":"https:\/\/www.3dprintrg.sk\/cz\/produkt\/dekoracia-na-tortu-oblaky\/","title":{"rendered":"Dekor\u00e1cia na tortu oblaky"},"content":{"rendered":"<p>Dotknite sa neba s na\u0161imi 3D oblakmi na tortu.<br \/>\nJemn\u00e9, \u013eahk\u00e9 a dokonalo tvarovan\u00e9 aby dodali va\u0161ej torte rozpr\u00e1vkov\u00fd vzh\u013ead.<br \/>\nSada 8 ks oblakov <\/p>\n<p>Dekor\u00e1cia je vyroben\u00e1 z PLA plastu,plast je vyroben\u00fd z obnovite\u013en\u00fdch zdrojov, ako je kukuri\u010dn\u00fd \u0161krob, cukrov\u00e1 trstina alebo zemiakov\u00fd \u0161krob,PLA plast je netoxick\u00fd a bezpe\u010dn\u00fd na styk s potravinami.<\/p>","protected":false},"excerpt":{"rendered":"<p>Dotknite sa neba s na\u0161imi 3D oblakmi na tortu.<br \/>\nJemn\u00e9, \u013eahk\u00e9 a dokonalo tvarovan\u00e9 aby dodali va\u0161ej torte rozpr\u00e1vkov\u00fd vzh\u013ead.<br \/>\nSada 8 ks oblakov <\/p>","protected":false},"featured_media":2475,"comment_status":"open","ping_status":"closed","template":"","meta":{"_et_pb_use_builder":"","_et_pb_old_content":"","_et_gb_content_width":"","iawp_total_views":203},"product_brand":[],"product_cat":[77],"product_tag":[334,332,333],"class_list":{"0":"post-2474","1":"product","2":"type-product","3":"status-publish","4":"has-post-thumbnail","6":"product_cat-rozne","7":"product_tag-dekoracia-oblak","8":"product_tag-oblak","9":"product_tag-oblaky","11":"first","12":"instock","13":"purchasable","14":"product-type-simple"},"jetpack_sharing_enabled":true,"_links":{"self":[{"href":"https:\/\/www.3dprintrg.sk\/cz\/wp-json\/wp\/v2\/product\/2474","targetHints":{"allow":["GET"]}}],"collection":[{"href":"https:\/\/www.3dprintrg.sk\/cz\/wp-json\/wp\/v2\/product"}],"about":[{"href":"https:\/\/www.3dprintrg.sk\/cz\/wp-json\/wp\/v2\/types\/product"}],"replies":[{"embeddable":true,"href":"https:\/\/www.3dprintrg.sk\/cz\/wp-json\/wp\/v2\/comments?post=2474"}],"wp:featuredmedia":[{"embeddable":true,"href":"https:\/\/www.3dprintrg.sk\/cz\/wp-json\/wp\/v2\/media\/2475"}],"wp:attachment":[{"href":"https:\/\/www.3dprintrg.sk\/cz\/wp-json\/wp\/v2\/media?parent=2474"}],"wp:term":[{"taxonomy":"product_brand","embeddable":true,"href":"https:\/\/www.3dprintrg.sk\/cz\/wp-json\/wp\/v2\/product_brand?post=2474"},{"taxonomy":"product_cat","embeddable":true,"href":"https:\/\/www.3dprintrg.sk\/cz\/wp-json\/wp\/v2\/product_cat?post=2474"},{"taxonomy":"product_tag","embeddable":true,"href":"https:\/\/www.3dprintrg.sk\/cz\/wp-json\/wp\/v2\/product_tag?post=2474"}],"curies":[{"name":"wp","href":"https:\/\/api.w.org\/{rel}","templated":true}]}}