{"id":2516,"date":"2025-04-28T21:12:26","date_gmt":"2025-04-28T19:12:26","guid":{"rendered":"https:\/\/www.3dprintrg.sk\/?post_type=product&#038;p=2516"},"modified":"2025-04-28T21:12:28","modified_gmt":"2025-04-28T19:12:28","slug":"svadobny-zapich-3","status":"publish","type":"product","link":"https:\/\/www.3dprintrg.sk\/cz\/produkt\/svadobny-zapich-3\/","title":{"rendered":"Svadobn\u00fd z\u00e1pich"},"content":{"rendered":"<p>Predstavte si t\u00fa chv\u00ed\u013eu, ke\u010f spolo\u010dne kr\u00e1jate va\u0161u svadobn\u00fa tortu, ozdoben\u00fa t\u00fdmto n\u00e1dhern\u00fdm zapichom, Symbol va\u0161ej l\u00e1sky a spojenia, ktor\u00fd dod\u00e1 va\u0161ej oslave romantick\u00fa atmosf\u00e9ru.<\/p>\n<p> Rozmer 14*13 cm<br \/>\n Farbu nap\u00ed\u0161te pri objedn\u00e1vke do pozn\u00e1mky. <\/p>\n<p>Dekor\u00e1cia je vyroben\u00e1 z PLA plastu,plast je vyroben\u00fd z obnovite\u013en\u00fdch zdrojov, ako je kukuri\u010dn\u00fd \u0161krob, cukrov\u00e1 trstina alebo zemiakov\u00fd \u0161krob,PLA plast je netoxick\u00fd a bezpe\u010dn\u00fd na styk s potravinami.<\/p>","protected":false},"excerpt":{"rendered":"<p>Predstavte si t\u00fa chv\u00ed\u013eu, ke\u010f spolo\u010dne kr\u00e1jate va\u0161u svadobn\u00fa tortu, ozdoben\u00fa t\u00fdmto n\u00e1dhern\u00fdm zapichom, Symbol va\u0161ej l\u00e1sky a spojenia, ktor\u00fd dod\u00e1 va\u0161ej oslave romantick\u00fa atmosf\u00e9ru.<\/p>\n<p> Rozmer 14*13 cm <\/p>","protected":false},"featured_media":2517,"comment_status":"open","ping_status":"closed","template":"","meta":{"_et_pb_use_builder":"","_et_pb_old_content":"","_et_gb_content_width":"","iawp_total_views":14},"product_brand":[],"product_cat":[27],"product_tag":[82],"class_list":{"0":"post-2516","1":"product","2":"type-product","3":"status-publish","4":"has-post-thumbnail","6":"product_cat-svadobne-zapichy","7":"product_tag-svadobny-zapich","8":"wcpa_has_options","10":"first","11":"instock","12":"purchasable","13":"product-type-simple"},"jetpack_sharing_enabled":true,"_links":{"self":[{"href":"https:\/\/www.3dprintrg.sk\/cz\/wp-json\/wp\/v2\/product\/2516","targetHints":{"allow":["GET"]}}],"collection":[{"href":"https:\/\/www.3dprintrg.sk\/cz\/wp-json\/wp\/v2\/product"}],"about":[{"href":"https:\/\/www.3dprintrg.sk\/cz\/wp-json\/wp\/v2\/types\/product"}],"replies":[{"embeddable":true,"href":"https:\/\/www.3dprintrg.sk\/cz\/wp-json\/wp\/v2\/comments?post=2516"}],"wp:featuredmedia":[{"embeddable":true,"href":"https:\/\/www.3dprintrg.sk\/cz\/wp-json\/wp\/v2\/media\/2517"}],"wp:attachment":[{"href":"https:\/\/www.3dprintrg.sk\/cz\/wp-json\/wp\/v2\/media?parent=2516"}],"wp:term":[{"taxonomy":"product_brand","embeddable":true,"href":"https:\/\/www.3dprintrg.sk\/cz\/wp-json\/wp\/v2\/product_brand?post=2516"},{"taxonomy":"product_cat","embeddable":true,"href":"https:\/\/www.3dprintrg.sk\/cz\/wp-json\/wp\/v2\/product_cat?post=2516"},{"taxonomy":"product_tag","embeddable":true,"href":"https:\/\/www.3dprintrg.sk\/cz\/wp-json\/wp\/v2\/product_tag?post=2516"}],"curies":[{"name":"wp","href":"https:\/\/api.w.org\/{rel}","templated":true}]}}