{"id":2524,"date":"2025-04-29T20:06:01","date_gmt":"2025-04-29T18:06:01","guid":{"rendered":"https:\/\/www.3dprintrg.sk\/?post_type=product&#038;p=2524"},"modified":"2025-04-29T20:06:44","modified_gmt":"2025-04-29T18:06:44","slug":"zapich-s-holubicou","status":"publish","type":"product","link":"https:\/\/www.3dprintrg.sk\/cz\/produkt\/zapich-s-holubicou\/","title":{"rendered":"Zapich s holubicou"},"content":{"rendered":"<p>Z\u00e1pich kr\u00ed\u017eik s holubicou na tortu k birmovke alebo prv\u00e9mu sv\u00e4t\u00e9mu prij\u00edmaniu.<br \/>\nFarbu si nap\u00ed\u0161te pri objedn\u00e1vke do pozn\u00e1mky, ak si \u017eel\u00e1te in\u00fa ako zlat\u00fa.<br \/>\nRozmer 14&#215;10 cm<\/p>\n<p>Dekor\u00e1cia je vyroben\u00e1 z PLA plastu,plast je vyroben\u00fd z obnovite\u013en\u00fdch zdrojov, ako je kukuri\u010dn\u00fd \u0161krob, cukrov\u00e1 trstina alebo zemiakov\u00fd \u0161krob,PLA plast je netoxick\u00fd a bezpe\u010dn\u00fd na styk s potravinami.<\/p>","protected":false},"excerpt":{"rendered":"<p>Z\u00e1pich kr\u00ed\u017eik s holubicou na tortu k birmovke alebo prv\u00e9mu sv\u00e4t\u00e9mu prij\u00edmaniu.<br \/>\nRozmer 14&#215;10 cm<\/p>","protected":false},"featured_media":2525,"comment_status":"open","ping_status":"closed","template":"","meta":{"_et_pb_use_builder":"","_et_pb_old_content":"","_et_gb_content_width":"","iawp_total_views":11},"product_brand":[],"product_cat":[24,50,49],"product_tag":[341,340,81,339,338],"class_list":{"0":"post-2524","1":"product","2":"type-product","3":"status-publish","4":"has-post-thumbnail","6":"product_cat-cirkevne-zapichy","7":"product_cat-birmovka","8":"product_cat-prijimanie","9":"product_tag-holubica","10":"product_tag-kriz","11":"product_tag-zapich","12":"product_tag-zapich-kriz-s-holubicou","13":"product_tag-zapich-s-holubicou","14":"wcpa_has_options","16":"first","17":"instock","18":"purchasable","19":"product-type-variable"},"jetpack_sharing_enabled":true,"_links":{"self":[{"href":"https:\/\/www.3dprintrg.sk\/cz\/wp-json\/wp\/v2\/product\/2524","targetHints":{"allow":["GET"]}}],"collection":[{"href":"https:\/\/www.3dprintrg.sk\/cz\/wp-json\/wp\/v2\/product"}],"about":[{"href":"https:\/\/www.3dprintrg.sk\/cz\/wp-json\/wp\/v2\/types\/product"}],"replies":[{"embeddable":true,"href":"https:\/\/www.3dprintrg.sk\/cz\/wp-json\/wp\/v2\/comments?post=2524"}],"wp:featuredmedia":[{"embeddable":true,"href":"https:\/\/www.3dprintrg.sk\/cz\/wp-json\/wp\/v2\/media\/2525"}],"wp:attachment":[{"href":"https:\/\/www.3dprintrg.sk\/cz\/wp-json\/wp\/v2\/media?parent=2524"}],"wp:term":[{"taxonomy":"product_brand","embeddable":true,"href":"https:\/\/www.3dprintrg.sk\/cz\/wp-json\/wp\/v2\/product_brand?post=2524"},{"taxonomy":"product_cat","embeddable":true,"href":"https:\/\/www.3dprintrg.sk\/cz\/wp-json\/wp\/v2\/product_cat?post=2524"},{"taxonomy":"product_tag","embeddable":true,"href":"https:\/\/www.3dprintrg.sk\/cz\/wp-json\/wp\/v2\/product_tag?post=2524"}],"curies":[{"name":"wp","href":"https:\/\/api.w.org\/{rel}","templated":true}]}}