{"id":2528,"date":"2025-04-29T20:15:20","date_gmt":"2025-04-29T18:15:20","guid":{"rendered":"https:\/\/www.3dprintrg.sk\/?post_type=product&#038;p=2528"},"modified":"2025-04-29T20:15:22","modified_gmt":"2025-04-29T18:15:22","slug":"zapich-vsetko-najlepsie-maminka","status":"publish","type":"product","link":"https:\/\/www.3dprintrg.sk\/cz\/produkt\/zapich-vsetko-najlepsie-maminka\/","title":{"rendered":"Zapich v\u0161etko najlep\u0161ie maminka"},"content":{"rendered":"<p>Textov\u00fd zapich v\u0161etko najlep\u0161ie maminka<br \/>\nAk si \u017eel\u00e1te in\u00fa farbu ako je biela nap\u00ed\u0161te si ju pri objedn\u00e1vke do pozn\u00e1mky.<br \/>\nRozmer 14 cm <\/p>\n<p>Dekor\u00e1cia je vyroben\u00e1 z PLA plastu,plast je vyroben\u00fd z obnovite\u013en\u00fdch zdrojov, ako je kukuri\u010dn\u00fd \u0161krob, cukrov\u00e1 trstina alebo zemiakov\u00fd \u0161krob,PLA plast je netoxick\u00fd a bezpe\u010dn\u00fd na styk s potravinami.<\/p>","protected":false},"excerpt":{"rendered":"<p>Textov\u00fd zapich v\u0161etko najlep\u0161ie maminka<br \/>\nAk si \u017eel\u00e1te in\u00fa farbu ako je biela nap\u00ed\u0161te si ju pri objedn\u00e1vke do pozn\u00e1mky.<br \/>\nRozmer 14 cm <\/p>","protected":false},"featured_media":2529,"comment_status":"open","ping_status":"closed","template":"","meta":{"_et_pb_use_builder":"","_et_pb_old_content":"","_et_gb_content_width":"","iawp_total_views":29},"product_brand":[],"product_cat":[23,97],"product_tag":[58,342,150],"class_list":{"0":"post-2528","1":"product","2":"type-product","3":"status-publish","4":"has-post-thumbnail","6":"product_cat-vsetko-najlepsie","7":"product_cat-rozne-textove-zapichy","8":"product_tag-vsetko-najlepsie","9":"product_tag-zapich-maminka","10":"product_tag-zapich-vsetko-najlepsie","11":"wcpa_has_options","13":"first","14":"instock","15":"purchasable","16":"product-type-simple"},"jetpack_sharing_enabled":true,"_links":{"self":[{"href":"https:\/\/www.3dprintrg.sk\/cz\/wp-json\/wp\/v2\/product\/2528","targetHints":{"allow":["GET"]}}],"collection":[{"href":"https:\/\/www.3dprintrg.sk\/cz\/wp-json\/wp\/v2\/product"}],"about":[{"href":"https:\/\/www.3dprintrg.sk\/cz\/wp-json\/wp\/v2\/types\/product"}],"replies":[{"embeddable":true,"href":"https:\/\/www.3dprintrg.sk\/cz\/wp-json\/wp\/v2\/comments?post=2528"}],"wp:featuredmedia":[{"embeddable":true,"href":"https:\/\/www.3dprintrg.sk\/cz\/wp-json\/wp\/v2\/media\/2529"}],"wp:attachment":[{"href":"https:\/\/www.3dprintrg.sk\/cz\/wp-json\/wp\/v2\/media?parent=2528"}],"wp:term":[{"taxonomy":"product_brand","embeddable":true,"href":"https:\/\/www.3dprintrg.sk\/cz\/wp-json\/wp\/v2\/product_brand?post=2528"},{"taxonomy":"product_cat","embeddable":true,"href":"https:\/\/www.3dprintrg.sk\/cz\/wp-json\/wp\/v2\/product_cat?post=2528"},{"taxonomy":"product_tag","embeddable":true,"href":"https:\/\/www.3dprintrg.sk\/cz\/wp-json\/wp\/v2\/product_tag?post=2528"}],"curies":[{"name":"wp","href":"https:\/\/api.w.org\/{rel}","templated":true}]}}