{"id":2530,"date":"2025-04-29T20:26:47","date_gmt":"2025-04-29T18:26:47","guid":{"rendered":"https:\/\/www.3dprintrg.sk\/?post_type=product&#038;p=2530"},"modified":"2025-05-05T18:44:23","modified_gmt":"2025-05-05T16:44:23","slug":"zapich-na-prijimanie-s-kalichom","status":"publish","type":"product","link":"https:\/\/www.3dprintrg.sk\/cz\/produkt\/zapich-na-prijimanie-s-kalichom\/","title":{"rendered":"Zapich na prijimanie s kalichom"},"content":{"rendered":"<p>Zapich na prv\u00e9 sv\u00e4t\u00e9 prijimanie s menom , d\u00e1tumom a kalichom.<br \/>\nDo pozn\u00e1mky uvedte meno a d\u00e1tum die\u0165a\u0165a.<br \/>\nDo pozn\u00e1mky si nap\u00ed\u0161te farbu ak si \u017eel\u00e1te in\u00fa ako bielu.<br \/>\nRozmer 15 cm <\/p>\n<p>Dekor\u00e1cia je vyroben\u00e1 z PLA plastu,plast je vyroben\u00fd z obnovite\u013en\u00fdch zdrojov, ako je kukuri\u010dn\u00fd \u0161krob, cukrov\u00e1 trstina alebo zemiakov\u00fd \u0161krob,PLA plast je netoxick\u00fd a bezpe\u010dn\u00fd na styk s potravinami.<\/p>","protected":false},"excerpt":{"rendered":"<p>Zapich na prv\u00e9 sv\u00e4t\u00e9 prijimanie s menom , d\u00e1tumom a kalichom.<br \/>\nDo pozn\u00e1mky si nap\u00ed\u0161te farbu ak si \u017eel\u00e1te in\u00fa ako bielu.<br \/>\nRozmer 15 cm <\/p>","protected":false},"featured_media":2531,"comment_status":"open","ping_status":"closed","template":"","meta":{"_et_pb_use_builder":"","_et_pb_old_content":"","_et_gb_content_width":"","iawp_total_views":21},"product_brand":[],"product_cat":[24,49],"product_tag":[143,264],"class_list":{"0":"post-2530","1":"product","2":"type-product","3":"status-publish","4":"has-post-thumbnail","6":"product_cat-cirkevne-zapichy","7":"product_cat-prijimanie","8":"product_tag-zapich-na-prijimanie","9":"product_tag-zapich-na-prve-svate-prijimanie","10":"wcpa_has_options","12":"first","13":"instock","14":"purchasable","15":"product-type-simple"},"jetpack_sharing_enabled":true,"_links":{"self":[{"href":"https:\/\/www.3dprintrg.sk\/cz\/wp-json\/wp\/v2\/product\/2530","targetHints":{"allow":["GET"]}}],"collection":[{"href":"https:\/\/www.3dprintrg.sk\/cz\/wp-json\/wp\/v2\/product"}],"about":[{"href":"https:\/\/www.3dprintrg.sk\/cz\/wp-json\/wp\/v2\/types\/product"}],"replies":[{"embeddable":true,"href":"https:\/\/www.3dprintrg.sk\/cz\/wp-json\/wp\/v2\/comments?post=2530"}],"wp:featuredmedia":[{"embeddable":true,"href":"https:\/\/www.3dprintrg.sk\/cz\/wp-json\/wp\/v2\/media\/2531"}],"wp:attachment":[{"href":"https:\/\/www.3dprintrg.sk\/cz\/wp-json\/wp\/v2\/media?parent=2530"}],"wp:term":[{"taxonomy":"product_brand","embeddable":true,"href":"https:\/\/www.3dprintrg.sk\/cz\/wp-json\/wp\/v2\/product_brand?post=2530"},{"taxonomy":"product_cat","embeddable":true,"href":"https:\/\/www.3dprintrg.sk\/cz\/wp-json\/wp\/v2\/product_cat?post=2530"},{"taxonomy":"product_tag","embeddable":true,"href":"https:\/\/www.3dprintrg.sk\/cz\/wp-json\/wp\/v2\/product_tag?post=2530"}],"curies":[{"name":"wp","href":"https:\/\/api.w.org\/{rel}","templated":true}]}}