{"id":2580,"date":"2025-05-05T20:17:21","date_gmt":"2025-05-05T18:17:21","guid":{"rendered":"https:\/\/www.3dprintrg.sk\/?post_type=product&#038;p=2580"},"modified":"2025-05-19T19:52:48","modified_gmt":"2025-05-19T17:52:48","slug":"tabulka-na-prijimanie","status":"publish","type":"product","link":"https:\/\/www.3dprintrg.sk\/cz\/produkt\/tabulka-na-prijimanie\/","title":{"rendered":"Tabu\u013eka na prijimanie"},"content":{"rendered":"<p>Tabu\u013eka s menom a d\u00e1tumom prij\u00edmania<br \/>\nPodklad bude v\u017edy farebn\u00fd a vrch biely<br \/>\nRozmer 9 cm <\/p>\n<p>Dekor\u00e1cia je vyroben\u00e1 z PLA plastu,plast je vyroben\u00fd z obnovite\u013en\u00fdch zdrojov, ako je kukuri\u010dn\u00fd \u0161krob, cukrov\u00e1 trstina alebo zemiakov\u00fd \u0161krob,PLA plast je netoxick\u00fd a bezpe\u010dn\u00fd na styk s potravinami.<\/p>","protected":false},"excerpt":{"rendered":"<p>Tabu\u013eka s menom a d\u00e1tumom prij\u00edmania<br \/>\nPodklad bude v\u017edy farebn\u00fd a vrch biely<br \/>\nRozmer 9 cm <\/p>","protected":false},"featured_media":2581,"comment_status":"open","ping_status":"closed","template":"","meta":{"_et_pb_use_builder":"","_et_pb_old_content":"","_et_gb_content_width":"","iawp_total_views":43},"product_brand":[],"product_cat":[28,24,49],"product_tag":[349,257,351,350],"class_list":{"0":"post-2580","1":"product","2":"type-product","3":"status-publish","4":"has-post-thumbnail","6":"product_cat-mena","7":"product_cat-cirkevne-zapichy","8":"product_cat-prijimanie","9":"product_tag-meno-na-prijimanie","10":"product_tag-prijimanie","11":"product_tag-tabulka","12":"product_tag-tabuloka-na-prijimanie","13":"wcpa_has_options","15":"first","16":"instock","17":"purchasable","18":"product-type-variable"},"jetpack_sharing_enabled":true,"_links":{"self":[{"href":"https:\/\/www.3dprintrg.sk\/cz\/wp-json\/wp\/v2\/product\/2580","targetHints":{"allow":["GET"]}}],"collection":[{"href":"https:\/\/www.3dprintrg.sk\/cz\/wp-json\/wp\/v2\/product"}],"about":[{"href":"https:\/\/www.3dprintrg.sk\/cz\/wp-json\/wp\/v2\/types\/product"}],"replies":[{"embeddable":true,"href":"https:\/\/www.3dprintrg.sk\/cz\/wp-json\/wp\/v2\/comments?post=2580"}],"wp:featuredmedia":[{"embeddable":true,"href":"https:\/\/www.3dprintrg.sk\/cz\/wp-json\/wp\/v2\/media\/2581"}],"wp:attachment":[{"href":"https:\/\/www.3dprintrg.sk\/cz\/wp-json\/wp\/v2\/media?parent=2580"}],"wp:term":[{"taxonomy":"product_brand","embeddable":true,"href":"https:\/\/www.3dprintrg.sk\/cz\/wp-json\/wp\/v2\/product_brand?post=2580"},{"taxonomy":"product_cat","embeddable":true,"href":"https:\/\/www.3dprintrg.sk\/cz\/wp-json\/wp\/v2\/product_cat?post=2580"},{"taxonomy":"product_tag","embeddable":true,"href":"https:\/\/www.3dprintrg.sk\/cz\/wp-json\/wp\/v2\/product_tag?post=2580"}],"curies":[{"name":"wp","href":"https:\/\/api.w.org\/{rel}","templated":true}]}}