{"id":2600,"date":"2025-05-12T19:15:15","date_gmt":"2025-05-12T17:15:15","guid":{"rendered":"https:\/\/www.3dprintrg.sk\/?post_type=product&#038;p=2600"},"modified":"2026-01-09T10:29:04","modified_gmt":"2026-01-09T09:29:04","slug":"dekoracia-na-tortu-na-prijimanie-motlitebna-knizka","status":"publish","type":"product","link":"https:\/\/www.3dprintrg.sk\/cz\/produkt\/dekoracia-na-tortu-na-prijimanie-motlitebna-knizka\/","title":{"rendered":"Dekor\u00e1cia na tortu na prij\u00edmanie motlitebn\u00e1 kni\u017eka"},"content":{"rendered":"<p>3D dekor\u00e1cia na tortu na prij\u00edmanie motlitebn\u00e1 kni\u017eka<br \/>\nRozmer 6 cm <\/p>\n<p>Dekor\u00e1cia je vyroben\u00e1 z PLA plastu,plast je vyroben\u00fd z obnovite\u013en\u00fdch zdrojov, ako je kukuri\u010dn\u00fd \u0161krob, cukrov\u00e1 trstina alebo zemiakov\u00fd \u0161krob,PLA plast je netoxick\u00fd a bezpe\u010dn\u00fd na styk s potravinami.<\/p>","protected":false},"excerpt":{"rendered":"<p>3D dekor\u00e1cia na tortu na prij\u00edmanie motlitebn\u00e1 kni\u017eka v zlatej farbe<br \/>\nRozmer 6 cm <\/p>","protected":false},"featured_media":2601,"comment_status":"open","ping_status":"closed","template":"","meta":{"_et_pb_use_builder":"","_et_pb_old_content":"","_et_gb_content_width":"","iawp_total_views":28},"product_brand":[],"product_cat":[49,24,77],"product_tag":[354,355,352,353,257],"class_list":{"0":"post-2600","1":"product","2":"type-product","3":"status-publish","4":"has-post-thumbnail","6":"product_cat-prijimanie","7":"product_cat-cirkevne-zapichy","8":"product_cat-rozne","9":"product_tag-biblia","10":"product_tag-dekoracia","11":"product_tag-knizka","12":"product_tag-motlitebna-knizka","13":"product_tag-prijimanie","15":"first","16":"instock","17":"purchasable","18":"product-type-simple"},"jetpack_sharing_enabled":true,"_links":{"self":[{"href":"https:\/\/www.3dprintrg.sk\/cz\/wp-json\/wp\/v2\/product\/2600","targetHints":{"allow":["GET"]}}],"collection":[{"href":"https:\/\/www.3dprintrg.sk\/cz\/wp-json\/wp\/v2\/product"}],"about":[{"href":"https:\/\/www.3dprintrg.sk\/cz\/wp-json\/wp\/v2\/types\/product"}],"replies":[{"embeddable":true,"href":"https:\/\/www.3dprintrg.sk\/cz\/wp-json\/wp\/v2\/comments?post=2600"}],"wp:featuredmedia":[{"embeddable":true,"href":"https:\/\/www.3dprintrg.sk\/cz\/wp-json\/wp\/v2\/media\/2601"}],"wp:attachment":[{"href":"https:\/\/www.3dprintrg.sk\/cz\/wp-json\/wp\/v2\/media?parent=2600"}],"wp:term":[{"taxonomy":"product_brand","embeddable":true,"href":"https:\/\/www.3dprintrg.sk\/cz\/wp-json\/wp\/v2\/product_brand?post=2600"},{"taxonomy":"product_cat","embeddable":true,"href":"https:\/\/www.3dprintrg.sk\/cz\/wp-json\/wp\/v2\/product_cat?post=2600"},{"taxonomy":"product_tag","embeddable":true,"href":"https:\/\/www.3dprintrg.sk\/cz\/wp-json\/wp\/v2\/product_tag?post=2600"}],"curies":[{"name":"wp","href":"https:\/\/api.w.org\/{rel}","templated":true}]}}